{"id":9011,"date":"2026-03-19T06:33:09","date_gmt":"2026-03-19T06:33:09","guid":{"rendered":"https:\/\/artisjet-printers.eu\/events\/"},"modified":"2026-03-19T06:33:09","modified_gmt":"2026-03-19T06:33:09","slug":"events","status":"publish","type":"page","link":"https:\/\/artisjet-printers.eu\/de\/events\/","title":{"rendered":"artisJet Europe Events"},"content":{"rendered":"\n<div class=\"wp-block-group aj-page-events\"><div class=\"wp-block-group__inner-container is-layout-constrained wp-block-group-is-layout-constrained\">\n\n\n<h1 class=\"wp-block-heading\">artisJet Europe Events<\/h1>\n\n\n\n<p>Fachmessen, Demonstrationen und Auftritte von artisJet, bei denen Sie UV-LED-Drucker in echtem Betrieb sehen k\u00f6nnen.<\/p>\n\n\n\n<div class=\"wp-block-group aj-event-card has-border-color\" style=\"border-color:#e0e0e0;border-width:1px;padding-top:2rem;padding-right:2rem;padding-bottom:2rem;padding-left:2rem\"><div class=\"wp-block-group__inner-container is-layout-constrained wp-container-core-group-is-layout-bcd1463b wp-block-group-is-layout-constrained\">\n\n\n<p class=\"aj-event-tag\"><strong>C!Print Lyon 2026 \u00b7 Halle\u00a01 \u2014 Stand\u00a0A11 \u00b7 Lyon, Frankreich<\/strong><\/p>\n\n\n\n<h2 class=\"wp-block-heading\">Personalisierung, Savoir-faire und flexible Produktion<\/h2>\n\n\n\n<figure class=\"wp-block-image size-large\"><img decoding=\"async\" src=\"https:\/\/www.artisjet.com\/images\/easyblog_articles\/artisJet-Printing-Solutions-in-Lyon-France-at-CPrint-Lyon-2026.png\" alt=\"artisJet C!Print Lyon 2026 Stand Bomedia Hall 1 A11\"\/><\/figure>\n\n\n\n<div class=\"wp-block-columns is-layout-flex wp-container-core-columns-is-layout-9d6595d7 wp-block-columns-is-layout-flex\">\n\n<div class=\"wp-block-column is-layout-flow wp-block-column-is-layout-flow\">\n\n<p>\ud83d\udcc5 <strong>3.\u20135. Februar 2026<\/strong><\/p>\n\n\n<p>\ud83d\udccd <strong>Lyon, Frankreich<\/strong><\/p>\n\n\n<p>\ud83c\udfd7\ufe0f <strong>Halle\u00a01 \u2014 Stand\u00a0A11<\/strong><\/p>\n\n\n<p>\ud83c\udfaf <strong>Kreation \u00b7 Personalisierung \u00b7 Produktion<\/strong><\/p>\n\n<\/div>\n\n\n<div class=\"wp-block-column is-layout-flow wp-block-column-is-layout-flow\">\n\n<p>Bomedia pr\u00e4sentiert zwei L\u00f6sungen live: <strong>artis 3000U Pro mit FREEBIRD\u2122<\/strong> und <strong>artisJet Young<\/strong>. Beide f\u00fcr moderne Personalisierungs-Workflows konzipiert \u2014 von Luxus-Geschenkartikeln und Premium-Verpackungen bis hin zu Kleinserienkampagnen.<\/p>\n\n<\/div>\n\n<\/div>\n\n\n\n<h3 class=\"wp-block-heading\">artis 3000U Pro mit FREEBIRD\u2122<\/h3>\n\n\n\n<ul class=\"wp-block-list\">\n\n<li>\u2713 Premium-Personalisierung auf starren Substraten mit stabiler Qualit\u00e4t.<\/li>\n\n\n<li>\u2713 Kleinserien, Wiederholbestellungen und kleine Serien ohne Workflow-Reibung.<\/li>\n\n\n<li>\u2713 Schnelle Wechsel f\u00fcr Kampagnen, saisonale Launches und Kundenanfragen.<\/li>\n\n\n<li>\u2713 Intelligenter Weg von traditionellen Methoden zu einer modernen UV-Linie.<\/li>\n\n<\/ul>\n\n\n\n<h3 class=\"wp-block-heading\">artisJet Young<\/h3>\n\n\n\n<ul class=\"wp-block-list\">\n\n<li>\u2713 F\u00fcr agile Teams konzipiert: einfachere Bedienung, intelligentere Workflows.<\/li>\n\n\n<li>\u2713 Ideal f\u00fcr Studios und Produzenten, die ihre \u00e4ltere Druckergeneration aufr\u00fcsten.<\/li>\n\n\n<li>\u2713 F\u00fcr moderne Produktionsrealit\u00e4ten konzipiert: Geschwindigkeit, Flexibilit\u00e4t, Wiederholbarkeit.<\/li>\n\n\n<li>\u2713 Kompatibel mit Personalisierungsstrategien ohne \u00dcberkomplikation.<\/li>\n\n<\/ul>\n\n\n\n<div class=\"wp-block-group has-background\" style=\"background-color:#f5f5f5;padding-top:1rem;padding-right:1rem;padding-bottom:1rem;padding-left:1rem\"><div class=\"wp-block-group__inner-container is-layout-flow wp-block-group-is-layout-flow\">\n\n<p>\ud83c\udf9f\ufe0f <strong>KOSTENLOSE Besucherakkreditierung<\/strong> \u2014 Einladungscode: <strong>E-BOMQGCPL26<\/strong><\/p>\n\n<\/div><\/div>\n\n\n\n<div class=\"wp-block-buttons is-layout-flex wp-block-buttons-is-layout-flex\">\n\n<div class=\"wp-block-button\"><a class=\"wp-block-button__link wp-element-button\" href=\"https:\/\/www.salon-cprint.com\/en\/commande-de-badge\">Kostenlose Akkreditierung erhalten<\/a><\/div>\n\n\n<div class=\"wp-block-button is-style-outline is-style-outline--1\"><a class=\"wp-block-button__link wp-element-button\" href=\"https:\/\/www.youtube.com\/watch?v=zN3a88uSbsA\">3000U Pro in Aktion sehen<\/a><\/div>\n\n\n<div class=\"wp-block-button is-style-outline is-style-outline--2\"><a class=\"wp-block-button__link wp-element-button\" href=\"https:\/\/www.youtube.com\/watch?v=mc4TClMyj3M\">artisJet Young sehen<\/a><\/div>\n\n<\/div>\n\n\n<\/div><\/div>\n\n\n\n<div class=\"wp-block-group aj-event-card has-border-color\" style=\"border-color:#e0e0e0;border-width:1px;padding-top:2rem;padding-right:2rem;padding-bottom:2rem;padding-left:2rem\"><div class=\"wp-block-group__inner-container is-layout-constrained wp-container-core-group-is-layout-bcd1463b wp-block-group-is-layout-constrained\">\n\n\n<p class=\"aj-event-tag\"><strong>REMA Days Warsaw 2026 \u00b7 Halle\u00a0E \/ E1.32a \u00b7 Warschau, Polen<\/strong><\/p>\n\n\n\n<h2 class=\"wp-block-heading\">artisJet \u00d7 OPUS Poland \u2014 Wo Drucken zum Wettbewerbsvorteil wird<\/h2>\n\n\n\n<figure class=\"wp-block-image size-large\"><img decoding=\"async\" src=\"https:\/\/www.artisjet.com\/images\/easyblog_articles\/REMA-Days-2026-artisJet-and-Opus-Poland.png\" alt=\"REMA Days Warsaw 2026 artisJet x OPUS Poland\"\/><\/figure>\n\n\n\n<div class=\"wp-block-columns is-layout-flex wp-container-core-columns-is-layout-9d6595d7 wp-block-columns-is-layout-flex\">\n\n<div class=\"wp-block-column is-layout-flow wp-block-column-is-layout-flow\">\n\n<p>\ud83d\udcc5 <strong>27.\u201329. Januar 2026<\/strong><\/p>\n\n\n<p>\u23f0 <strong>10:00\u201317:00<\/strong><\/p>\n\n\n<p>\ud83d\udccd PTAK Warsaw Expo, Al. Katowicka 62, Nadarzyn<\/p>\n\n\n<p>\ud83c\udfd7\ufe0f <strong>Halle\u00a0E \/ Stand\u00a0E1.32a<\/strong><\/p>\n\n<\/div>\n\n\n<div class=\"wp-block-column is-layout-flow wp-block-column-is-layout-flow\">\n\n<p>Was w\u00e4re, wenn Drucken viel mehr k\u00f6nnte als Produkte dekorieren? Was w\u00e4re, wenn es Marken helfen w\u00fcrde, sich zu differenzieren, inklusiver zu werden und v\u00f6llig neue M\u00e4rkte zu erschlie\u00dfen?<\/p>\n\n<\/div>\n\n<\/div>\n\n\n\n<h3 class=\"wp-block-heading\">artisJet TRUST \u2014 Live am OPUS-Stand<\/h3>\n\n\n\n<figure class=\"wp-block-table\"><table><tbody><tr><td><strong>Wichtigste F\u00e4higkeiten<\/strong><br\/>\u2713 Druckbereich: 600\u00a0\u00d7\u00a0900\u00a0mm<br\/>\u2713 Maximale Objekth\u00f6he: bis 26\u00a0cm<br\/>\u2713 Intensives CMYK + perfektes Wei\u00df<br\/>\u2713 Sofortige UV-H\u00e4rtung<\/td><td><strong>Was Sie live sehen werden<\/strong><br\/>\u2713 Braille-Druck auf verschiedenen Materialien<br\/>\u2713 3D-Effekte \/ Relief f\u00fcr Premium-Branding<br\/>\u2713 Schnelldruck auf zylindrischen Objekten<br\/>\u2713 Druck auf Plexiglas und Werbematerialien<\/td><\/tr><\/tbody><\/table><\/figure>\n\n\n\n<div class=\"wp-block-buttons is-layout-flex wp-block-buttons-is-layout-flex\">\n\n<div class=\"wp-block-button\"><a class=\"wp-block-button__link wp-element-button\" href=\"https:\/\/remadays.com\/en\/registration\/\">Zur Messe anmelden<\/a><\/div>\n\n\n<div class=\"wp-block-button is-style-outline is-style-outline--3\"><a class=\"wp-block-button__link wp-element-button\" href=\"https:\/\/www.youtube.com\/watch?v=rlkaiwQgR8o\">TRUST in Aktion sehen<\/a><\/div>\n\n<\/div>\n\n\n<\/div><\/div>\n\n\n\n<div class=\"wp-block-group aj-event-card has-border-color\" style=\"border-color:#e0e0e0;border-width:1px;padding-top:2rem;padding-right:2rem;padding-bottom:2rem;padding-left:2rem\"><div class=\"wp-block-group__inner-container is-layout-constrained wp-container-core-group-is-layout-bcd1463b wp-block-group-is-layout-constrained\">\n\n\n<p class=\"aj-event-tag\"><strong>VISCOM Italia 2025 \u00b7 Halle\u00a08, Stand\u00a0A17\/B20 \u00b7 Mailand, Italien<\/strong><\/p>\n\n\n\n<h2 class=\"wp-block-heading\">Von Peking nach Mailand: BEC1GO kommt zur VISCOM Italia 2025<\/h2>\n\n\n\n<figure class=\"wp-block-image size-large\"><img decoding=\"async\" src=\"https:\/\/www.artisjet.com\/images\/easyblog_articles\/Touch-of-Creativity-with-NANODIY-and-BEC1GO-by-artisJet-in-VISCOM-Italia-Milano-2025.jpg\" alt=\"artisJet x Nanodiy VISCOM Italia 2025 Milan\"\/><\/figure>\n\n\n\n<div class=\"wp-block-columns is-layout-flex wp-container-core-columns-is-layout-9d6595d7 wp-block-columns-is-layout-flex\">\n\n<div class=\"wp-block-column is-layout-flow wp-block-column-is-layout-flow\">\n\n<p>\ud83d\udcc5 <strong>1.\u20133. Oktober 2025<\/strong><\/p>\n\n\n<p>\ud83d\udccd <strong>Mailand, Italien<\/strong><\/p>\n\n\n<p>\ud83c\udfd7\ufe0f <strong>Halle\u00a08 \u00b7 Stand\u00a0A17\/B20<\/strong><\/p>\n\n<\/div>\n\n\n<div class=\"wp-block-column is-layout-flow wp-block-column-is-layout-flow\">\n\n<p>Erster aktiver Auftritt von artisJet in Italien \u00fcber den strategischen Partner <strong>Nanodiy<\/strong>. Zwei Systeme in der Demonstration: <strong>artisJet Trust A1+ LED UV<\/strong> und <strong>artis 3000U pro B3 LED UV<\/strong>, beide mit FREEBIRD-Motor und <strong>BEC1GO\u2122<\/strong>-Technologie.<\/p>\n\n<\/div>\n\n<\/div>\n\n\n\n<h3 class=\"wp-block-heading\">Was Sie am Stand sehen werden<\/h3>\n\n\n\n<ul class=\"wp-block-list\">\n\n<li>\u2705 Live-Demos von mehrschichtigem und taktilem Druck<\/li>\n\n\n<li>\u2705 Rotationsdruck und Druck auf gew\u00f6lbten Objekten<\/li>\n\n\n<li>\u2705 Sandwich-Effekte und visuelle Schichttexturen<\/li>\n\n\n<li>\u2705 Braille-Druck und taktile Beschilderung<\/li>\n\n\n<li>\u2705 Materialtests: Glas, Acryl, Leder, Kunststoffe<\/li>\n\n<\/ul>\n\n\n<\/div><\/div>\n\n\n\n<div class=\"wp-block-group aj-event-card has-border-color\" style=\"border-color:#e0e0e0;border-width:1px;padding-top:2rem;padding-right:2rem;padding-bottom:2rem;padding-left:2rem\"><div class=\"wp-block-group__inner-container is-layout-constrained wp-container-core-group-is-layout-bcd1463b wp-block-group-is-layout-constrained\">\n\n\n<p class=\"aj-event-tag\"><strong>GRAFIMA Belgrad 2025 \u00b7 Halle\u00a04, Stand\u00a04042 \u00b7 Belgrad, Serbien<\/strong><\/p>\n\n\n\n<h2 class=\"wp-block-heading\">artisJet auf der GRAFIMA 2025 \u2014 Druckinnovation f\u00fcr S\u00fcdosteuropa<\/h2>\n\n\n\n<figure class=\"wp-block-image size-large\"><img decoding=\"async\" src=\"https:\/\/www.artisjet.com\/images\/easyblog_articles\/artisJet-and-MISIJA-Plus-printing-at-GRAFIMA-Belgrade-2025.png\" alt=\"GRAFIMA Belgrade 2025 artisJet Misija Plus\"\/><\/figure>\n\n\n\n<div class=\"wp-block-columns is-layout-flex wp-container-core-columns-is-layout-9d6595d7 wp-block-columns-is-layout-flex\">\n\n<div class=\"wp-block-column is-layout-flow wp-block-column-is-layout-flow\">\n\n<p>\ud83d\udcc5 <strong>8.\u201311. Oktober 2025<\/strong><\/p>\n\n\n<p>\ud83d\udccd Messe Belgrad, Halle\u00a04 \u2014 Stand\u00a04042<\/p>\n\n<\/div>\n\n\n<div class=\"wp-block-column is-layout-flow wp-block-column-is-layout-flow\">\n\n<p>artisJet unterst\u00fctzte seinen serbischen Partner <strong>Misija Plus d.o.o.<\/strong> bei der Demonstration des <strong>artis 3000U Pro<\/strong> mit FREEBIRD-Technologie. BEC1GO-Druck, Sandwich, ROT360-Rotation und 3D-Effekte live.<\/p>\n\n<\/div>\n\n<\/div>\n\n\n<\/div><\/div>\n\n\n<\/div><\/div>\n","protected":false},"excerpt":{"rendered":"<p>artisJet Europe Events Fachmessen, Demonstrationen und Auftritte von artisJet, bei denen Sie UV-LED-Drucker in echtem Betrieb sehen k\u00f6nnen. C!Print Lyon 2026 \u00b7 Halle\u00a01 \u2014 Stand\u00a0A11 \u00b7 Lyon, Frankreich Personalisierung, Savoir-faire und flexible Produktion \ud83d\udcc5 3.\u20135. Februar 2026 \ud83d\udccd Lyon, Frankreich<\/p>\n","protected":false},"author":1,"featured_media":0,"parent":0,"menu_order":0,"comment_status":"closed","ping_status":"closed","template":"","meta":{"ngg_post_thumbnail":0,"footnotes":""},"class_list":["post-9011","page","type-page","status-publish","hentry"],"translation":{"provider":"WPGlobus","version":"2.12.2","language":"de","enabled_languages":["fr","de","pt","en"],"languages":{"fr":{"title":true,"content":true,"excerpt":false},"de":{"title":true,"content":true,"excerpt":false},"pt":{"title":true,"content":true,"excerpt":false},"en":{"title":true,"content":true,"excerpt":false}}},"yoast_head":"<!-- This site is optimized with the Yoast SEO plugin v22.0 - https:\/\/yoast.com\/wordpress\/plugins\/seo\/ -->\n<title>artisJet Europe Events | Artisjet Europe<\/title>\n<meta name=\"robots\" content=\"index, follow, max-snippet:-1, max-image-preview:large, max-video-preview:-1\" \/>\n<link rel=\"canonical\" href=\"https:\/\/artisjet-printers.eu\/events\/\" \/>\n<meta property=\"og:locale\" content=\"de_DE\" \/>\n<meta property=\"og:type\" content=\"article\" \/>\n<meta property=\"og:title\" content=\"artisJet Europe Events | Artisjet Europe\" \/>\n<meta property=\"og:url\" content=\"https:\/\/artisjet-printers.eu\/events\/\" \/>\n<meta property=\"og:site_name\" content=\"Artisjet Europe\" \/>\n<meta property=\"og:image\" content=\"https:\/\/www.artisjet.com\/images\/easyblog_articles\/artisJet-Printing-Solutions-in-Lyon-France-at-CPrint-Lyon-2026.png\" \/>\n<meta name=\"twitter:card\" content=\"summary_large_image\" \/>\n<meta name=\"twitter:label1\" content=\"Gesch\u00e4tzte Lesezeit\" \/>\n\t<meta name=\"twitter:data1\" content=\"10\u00a0Minuten\" \/>\n<script type=\"application\/ld+json\" class=\"yoast-schema-graph\">{\"@context\":\"https:\/\/schema.org\",\"@graph\":[{\"@type\":\"WebPage\",\"@id\":\"https:\/\/artisjet-printers.eu\/events\/\",\"url\":\"https:\/\/artisjet-printers.eu\/events\/\",\"name\":\"artisJet Europe Events | Artisjet Europe\",\"isPartOf\":{\"@id\":\"https:\/\/artisjet-printers.eu\/#website\"},\"datePublished\":\"2026-03-19T06:33:09+00:00\",\"dateModified\":\"2026-03-19T06:33:09+00:00\",\"breadcrumb\":{\"@id\":\"https:\/\/artisjet-printers.eu\/events\/#breadcrumb\"},\"inLanguage\":\"de\",\"potentialAction\":[{\"@type\":\"ReadAction\",\"target\":[\"https:\/\/artisjet-printers.eu\/events\/\"]}]},{\"@type\":\"BreadcrumbList\",\"@id\":\"https:\/\/artisjet-printers.eu\/events\/#breadcrumb\",\"itemListElement\":[{\"@type\":\"ListItem\",\"position\":1,\"name\":\"Home\",\"item\":\"https:\/\/artisjet-printers.eu\/\"},{\"@type\":\"ListItem\",\"position\":2,\"name\":\"\u00c9v\u00e9nements artisJet Europe\"}]},{\"@type\":\"WebSite\",\"@id\":\"https:\/\/artisjet-printers.eu\/#website\",\"url\":\"https:\/\/artisjet-printers.eu\/\",\"name\":\"Artisjet Europe\",\"description\":\"Official distributor in Europe\",\"publisher\":{\"@id\":\"https:\/\/artisjet-printers.eu\/#organization\"},\"potentialAction\":[{\"@type\":\"SearchAction\",\"target\":{\"@type\":\"EntryPoint\",\"urlTemplate\":\"https:\/\/artisjet-printers.eu\/?s={search_term_string}\"},\"query-input\":\"required name=search_term_string\"}],\"inLanguage\":\"de\"},{\"@type\":\"Organization\",\"@id\":\"https:\/\/artisjet-printers.eu\/#organization\",\"name\":\"ArtisJet\",\"url\":\"https:\/\/artisjet-printers.eu\/\",\"logo\":{\"@type\":\"ImageObject\",\"inLanguage\":\"de\",\"@id\":\"https:\/\/artisjet-printers.eu\/#\/schema\/logo\/image\/\",\"url\":\"https:\/\/artisjet-printers.eu\/wp-content\/uploads\/2017\/12\/logoartisjet.jpg\",\"contentUrl\":\"https:\/\/artisjet-printers.eu\/wp-content\/uploads\/2017\/12\/logoartisjet.jpg\",\"width\":217,\"height\":80,\"caption\":\"ArtisJet\"},\"image\":{\"@id\":\"https:\/\/artisjet-printers.eu\/#\/schema\/logo\/image\/\"}}]}<\/script>\n<!-- \/ Yoast SEO plugin. -->","yoast_head_json":{"title":"artisJet Europe Events | Artisjet Europe","robots":{"index":"index","follow":"follow","max-snippet":"max-snippet:-1","max-image-preview":"max-image-preview:large","max-video-preview":"max-video-preview:-1"},"canonical":"https:\/\/artisjet-printers.eu\/events\/","og_locale":"de_DE","og_type":"article","og_title":"artisJet Europe Events | Artisjet Europe","og_url":"https:\/\/artisjet-printers.eu\/events\/","og_site_name":"Artisjet Europe","og_image":[{"url":"https:\/\/www.artisjet.com\/images\/easyblog_articles\/artisJet-Printing-Solutions-in-Lyon-France-at-CPrint-Lyon-2026.png"}],"twitter_card":"summary_large_image","twitter_misc":{"Gesch\u00e4tzte Lesezeit":"10\u00a0Minuten"},"schema":{"@context":"https:\/\/schema.org","@graph":[{"@type":"WebPage","@id":"https:\/\/artisjet-printers.eu\/events\/","url":"https:\/\/artisjet-printers.eu\/events\/","name":"artisJet Europe Events | Artisjet Europe","isPartOf":{"@id":"https:\/\/artisjet-printers.eu\/#website"},"datePublished":"2026-03-19T06:33:09+00:00","dateModified":"2026-03-19T06:33:09+00:00","breadcrumb":{"@id":"https:\/\/artisjet-printers.eu\/events\/#breadcrumb"},"inLanguage":"de","potentialAction":[{"@type":"ReadAction","target":["https:\/\/artisjet-printers.eu\/events\/"]}]},{"@type":"BreadcrumbList","@id":"https:\/\/artisjet-printers.eu\/events\/#breadcrumb","itemListElement":[{"@type":"ListItem","position":1,"name":"Home","item":"https:\/\/artisjet-printers.eu\/"},{"@type":"ListItem","position":2,"name":"\u00c9v\u00e9nements artisJet Europe"}]},{"@type":"WebSite","@id":"https:\/\/artisjet-printers.eu\/#website","url":"https:\/\/artisjet-printers.eu\/","name":"Artisjet Europe","description":"Official distributor in Europe","publisher":{"@id":"https:\/\/artisjet-printers.eu\/#organization"},"potentialAction":[{"@type":"SearchAction","target":{"@type":"EntryPoint","urlTemplate":"https:\/\/artisjet-printers.eu\/?s={search_term_string}"},"query-input":"required name=search_term_string"}],"inLanguage":"de"},{"@type":"Organization","@id":"https:\/\/artisjet-printers.eu\/#organization","name":"ArtisJet","url":"https:\/\/artisjet-printers.eu\/","logo":{"@type":"ImageObject","inLanguage":"de","@id":"https:\/\/artisjet-printers.eu\/#\/schema\/logo\/image\/","url":"https:\/\/artisjet-printers.eu\/wp-content\/uploads\/2017\/12\/logoartisjet.jpg","contentUrl":"https:\/\/artisjet-printers.eu\/wp-content\/uploads\/2017\/12\/logoartisjet.jpg","width":217,"height":80,"caption":"ArtisJet"},"image":{"@id":"https:\/\/artisjet-printers.eu\/#\/schema\/logo\/image\/"}}]}},"_links":{"self":[{"href":"https:\/\/artisjet-printers.eu\/de\/wp-json\/wp\/v2\/pages\/9011","targetHints":{"allow":["GET"]}}],"collection":[{"href":"https:\/\/artisjet-printers.eu\/de\/wp-json\/wp\/v2\/pages"}],"about":[{"href":"https:\/\/artisjet-printers.eu\/de\/wp-json\/wp\/v2\/types\/page"}],"author":[{"embeddable":true,"href":"https:\/\/artisjet-printers.eu\/de\/wp-json\/wp\/v2\/users\/1"}],"replies":[{"embeddable":true,"href":"https:\/\/artisjet-printers.eu\/de\/wp-json\/wp\/v2\/comments?post=9011"}],"version-history":[{"count":0,"href":"https:\/\/artisjet-printers.eu\/de\/wp-json\/wp\/v2\/pages\/9011\/revisions"}],"wp:attachment":[{"href":"https:\/\/artisjet-printers.eu\/de\/wp-json\/wp\/v2\/media?parent=9011"}],"curies":[{"name":"wp","href":"https:\/\/api.w.org\/{rel}","templated":true}]}}