{"id":9010,"date":"2026-03-19T06:20:19","date_gmt":"2026-03-19T06:20:19","guid":{"rendered":"https:\/\/artisjet-printers.eu\/community\/"},"modified":"2026-03-19T06:20:19","modified_gmt":"2026-03-19T06:20:19","slug":"community","status":"publish","type":"page","link":"https:\/\/artisjet-printers.eu\/de\/community\/","title":{"rendered":"artisJet Europe Blog"},"content":{"rendered":"\n<div class=\"wp-block-group aj-page-community\"><div class=\"wp-block-group__inner-container is-layout-constrained wp-block-group-is-layout-constrained\">\n\n\n<h1 class=\"wp-block-heading\">artisJet Europe Blog<\/h1>\n\n\n\n<p>Aktuelle Neuigkeiten, Events, Anwendungen und Technologieneuheiten von artisJet f\u00fcr Europa.<\/p>\n\n\n\n<div class=\"wp-block-group aj-post-card has-border-color\" style=\"border-color:#e0e0e0;border-width:1px;padding-top:2rem;padding-right:2rem;padding-bottom:2rem;padding-left:2rem\"><div class=\"wp-block-group__inner-container is-layout-constrained wp-container-core-group-is-layout-bcd1463b wp-block-group-is-layout-constrained\">\n\n\n<p><strong>EVENTS \u00b7 C!Print Lyon 2026<\/strong><\/p>\n\n\n\n<h2 class=\"wp-block-heading\"><a href=\"\/de\/events\/\">Personalisierung, Savoir-faire und flexible Produktion \u2014 artisJet bei C!Print Lyon 2026<\/a><\/h2>\n\n\n\n<figure class=\"wp-block-image size-large\"><img decoding=\"async\" src=\"https:\/\/www.artisjet.com\/images\/easyblog_articles\/artisJet-Printing-Solutions-in-Lyon-France-at-CPrint-Lyon-2026.png\" alt=\"C!Print Lyon 2026\"\/><\/figure>\n\n\n\n<p>Besuchen Sie <strong>Bomedia<\/strong> (offizieller artisJet-Partner) in <strong>Halle\u00a01 \u2014 Stand\u00a0A11<\/strong> und entdecken Sie UV-LED-Druck f\u00fcr Premium-Personalisierung und agile Fertigung. Vom 3. bis 5. Februar 2026 beherbergt Lyon eines der Referenzereignisse f\u00fcr Kreation, Personalisierung und Produktion.<\/p>\n\n\n\n<div class=\"wp-block-buttons is-layout-flex wp-block-buttons-is-layout-flex\">\n\n<div class=\"wp-block-button\"><a class=\"wp-block-button__link wp-element-button\" href=\"\/de\/events\/\">Mehr lesen<\/a><\/div>\n\n<\/div>\n\n\n<\/div><\/div>\n\n\n\n<div class=\"wp-block-group aj-post-card has-border-color\" style=\"border-color:#e0e0e0;border-width:1px;padding-top:2rem;padding-right:2rem;padding-bottom:2rem;padding-left:2rem\"><div class=\"wp-block-group__inner-container is-layout-constrained wp-container-core-group-is-layout-bcd1463b wp-block-group-is-layout-constrained\">\n\n\n<p><strong>AUSZEICHNUNGEN<\/strong><\/p>\n\n\n\n<h2 class=\"wp-block-heading\"><a href=\"\/de\/bec1go-edison-awards\/\">artisJets BEC1GO\u2122 ist Finalist bei den EDISON AWARDS 2026!<\/a><\/h2>\n\n\n\n<figure class=\"wp-block-image size-large\"><img decoding=\"async\" src=\"https:\/\/www.artisjet.com\/images\/easyblog_articles\/artisJet-Edison-Awards-2026-finalist-Commercial-technology.png\" alt=\"BEC1GO Edison Awards 2026\"\/><\/figure>\n\n\n\n<p>Wir freuen uns, einen wichtigen Meilenstein mitzuteilen: <strong>artisJets BEC1GO\u2122 ist Finalist bei den Edison Awards 2026<\/strong>, Kategorie <em>Commercial Technology<\/em>. Diese Anerkennung best\u00e4tigt unsere langfristige Vision: Technologie, die Vorstellungen in etwas Greifbares verwandelt.<\/p>\n\n\n\n<div class=\"wp-block-buttons is-layout-flex wp-block-buttons-is-layout-flex\">\n\n<div class=\"wp-block-button\"><a class=\"wp-block-button__link wp-element-button\" href=\"\/de\/bec1go-edison-awards\/\">Mehr lesen<\/a><\/div>\n\n<\/div>\n\n\n<\/div><\/div>\n\n\n\n<div class=\"wp-block-group aj-post-card has-border-color\" style=\"border-color:#e0e0e0;border-width:1px;padding-top:2rem;padding-right:2rem;padding-bottom:2rem;padding-left:2rem\"><div class=\"wp-block-group__inner-container is-layout-constrained wp-container-core-group-is-layout-bcd1463b wp-block-group-is-layout-constrained\">\n\n\n<p><strong>TECHNOLOGIE<\/strong><\/p>\n\n\n\n<h2 class=\"wp-block-heading\"><a href=\"\/de\/technology\/trust-signs-printer\/\">Mehr erreichen mit TRUST \u2014 Ihr n\u00e4chster professioneller UV-Beschilderungsdrucker<\/a><\/h2>\n\n\n\n<figure class=\"wp-block-image size-large\"><img decoding=\"async\" src=\"https:\/\/www.artisjet.com\/images\/easyblog_articles\/286\/the-NEW-artisJet-TRUST-printer-for-signage-and-more.jpeg\" alt=\"artisJet TRUST\"\/><\/figure>\n\n\n\n<p>Der kompakte UV-Drucker TRUST (6090) entstand aus einem echten Bedarf: maximale Zuverl\u00e4ssigkeit zur Erg\u00e4nzung bestehender L\u00f6sungen. Druckbereich <strong>600\u00d7900\u00a0mm<\/strong>, maximale Objekth\u00f6he <strong>25\u00a0cm<\/strong>, Flachbett\u00a0+\u00a0Rotation.<\/p>\n\n\n\n<div class=\"wp-block-buttons is-layout-flex wp-block-buttons-is-layout-flex\">\n\n<div class=\"wp-block-button\"><a class=\"wp-block-button__link wp-element-button\" href=\"\/de\/technology\/trust-signs-printer\/\">Mehr lesen<\/a><\/div>\n\n<\/div>\n\n\n<\/div><\/div>\n\n\n<\/div><\/div>\n","protected":false},"excerpt":{"rendered":"<p>artisJet Europe Blog Aktuelle Neuigkeiten, Events, Anwendungen und Technologieneuheiten von artisJet f\u00fcr Europa. EVENTS \u00b7 C!Print Lyon 2026 Personalisierung, Savoir-faire und flexible Produktion \u2014 artisJet bei C!Print Lyon 2026 Besuchen Sie Bomedia (offizieller artisJet-Partner) in Halle\u00a01 \u2014 Stand\u00a0A11 und entdecken<\/p>\n","protected":false},"author":1,"featured_media":0,"parent":0,"menu_order":0,"comment_status":"closed","ping_status":"closed","template":"","meta":{"ngg_post_thumbnail":0,"footnotes":""},"class_list":["post-9010","page","type-page","status-publish","hentry"],"translation":{"provider":"WPGlobus","version":"2.12.2","language":"de","enabled_languages":["fr","de","pt","en"],"languages":{"fr":{"title":true,"content":true,"excerpt":false},"de":{"title":true,"content":true,"excerpt":false},"pt":{"title":true,"content":true,"excerpt":false},"en":{"title":true,"content":true,"excerpt":false}}},"yoast_head":"<!-- This site is optimized with the Yoast SEO plugin v22.0 - https:\/\/yoast.com\/wordpress\/plugins\/seo\/ -->\n<title>artisJet Europe Blog | Artisjet Europe<\/title>\n<meta name=\"robots\" content=\"index, follow, max-snippet:-1, max-image-preview:large, max-video-preview:-1\" \/>\n<link rel=\"canonical\" href=\"https:\/\/artisjet-printers.eu\/community\/\" \/>\n<meta property=\"og:locale\" content=\"de_DE\" \/>\n<meta property=\"og:type\" content=\"article\" \/>\n<meta property=\"og:title\" content=\"artisJet Europe Blog | Artisjet Europe\" \/>\n<meta property=\"og:url\" content=\"https:\/\/artisjet-printers.eu\/community\/\" \/>\n<meta property=\"og:site_name\" content=\"Artisjet Europe\" \/>\n<meta property=\"og:image\" content=\"https:\/\/www.artisjet.com\/images\/easyblog_articles\/artisJet-Printing-Solutions-in-Lyon-France-at-CPrint-Lyon-2026.png\" \/>\n<meta name=\"twitter:card\" content=\"summary_large_image\" \/>\n<meta name=\"twitter:label1\" content=\"Gesch\u00e4tzte Lesezeit\" \/>\n\t<meta name=\"twitter:data1\" content=\"3\u00a0Minuten\" \/>\n<script type=\"application\/ld+json\" class=\"yoast-schema-graph\">{\"@context\":\"https:\/\/schema.org\",\"@graph\":[{\"@type\":\"WebPage\",\"@id\":\"https:\/\/artisjet-printers.eu\/community\/\",\"url\":\"https:\/\/artisjet-printers.eu\/community\/\",\"name\":\"artisJet Europe Blog | Artisjet Europe\",\"isPartOf\":{\"@id\":\"https:\/\/artisjet-printers.eu\/#website\"},\"datePublished\":\"2026-03-19T06:20:19+00:00\",\"dateModified\":\"2026-03-19T06:20:19+00:00\",\"breadcrumb\":{\"@id\":\"https:\/\/artisjet-printers.eu\/community\/#breadcrumb\"},\"inLanguage\":\"de\",\"potentialAction\":[{\"@type\":\"ReadAction\",\"target\":[\"https:\/\/artisjet-printers.eu\/community\/\"]}]},{\"@type\":\"BreadcrumbList\",\"@id\":\"https:\/\/artisjet-printers.eu\/community\/#breadcrumb\",\"itemListElement\":[{\"@type\":\"ListItem\",\"position\":1,\"name\":\"Home\",\"item\":\"https:\/\/artisjet-printers.eu\/\"},{\"@type\":\"ListItem\",\"position\":2,\"name\":\"Blog artisJet Europe\"}]},{\"@type\":\"WebSite\",\"@id\":\"https:\/\/artisjet-printers.eu\/#website\",\"url\":\"https:\/\/artisjet-printers.eu\/\",\"name\":\"Artisjet Europe\",\"description\":\"Official distributor in Europe\",\"publisher\":{\"@id\":\"https:\/\/artisjet-printers.eu\/#organization\"},\"potentialAction\":[{\"@type\":\"SearchAction\",\"target\":{\"@type\":\"EntryPoint\",\"urlTemplate\":\"https:\/\/artisjet-printers.eu\/?s={search_term_string}\"},\"query-input\":\"required name=search_term_string\"}],\"inLanguage\":\"de\"},{\"@type\":\"Organization\",\"@id\":\"https:\/\/artisjet-printers.eu\/#organization\",\"name\":\"ArtisJet\",\"url\":\"https:\/\/artisjet-printers.eu\/\",\"logo\":{\"@type\":\"ImageObject\",\"inLanguage\":\"de\",\"@id\":\"https:\/\/artisjet-printers.eu\/#\/schema\/logo\/image\/\",\"url\":\"https:\/\/artisjet-printers.eu\/wp-content\/uploads\/2017\/12\/logoartisjet.jpg\",\"contentUrl\":\"https:\/\/artisjet-printers.eu\/wp-content\/uploads\/2017\/12\/logoartisjet.jpg\",\"width\":217,\"height\":80,\"caption\":\"ArtisJet\"},\"image\":{\"@id\":\"https:\/\/artisjet-printers.eu\/#\/schema\/logo\/image\/\"}}]}<\/script>\n<!-- \/ Yoast SEO plugin. -->","yoast_head_json":{"title":"artisJet Europe Blog | Artisjet Europe","robots":{"index":"index","follow":"follow","max-snippet":"max-snippet:-1","max-image-preview":"max-image-preview:large","max-video-preview":"max-video-preview:-1"},"canonical":"https:\/\/artisjet-printers.eu\/community\/","og_locale":"de_DE","og_type":"article","og_title":"artisJet Europe Blog | Artisjet Europe","og_url":"https:\/\/artisjet-printers.eu\/community\/","og_site_name":"Artisjet Europe","og_image":[{"url":"https:\/\/www.artisjet.com\/images\/easyblog_articles\/artisJet-Printing-Solutions-in-Lyon-France-at-CPrint-Lyon-2026.png"}],"twitter_card":"summary_large_image","twitter_misc":{"Gesch\u00e4tzte Lesezeit":"3\u00a0Minuten"},"schema":{"@context":"https:\/\/schema.org","@graph":[{"@type":"WebPage","@id":"https:\/\/artisjet-printers.eu\/community\/","url":"https:\/\/artisjet-printers.eu\/community\/","name":"artisJet Europe Blog | Artisjet Europe","isPartOf":{"@id":"https:\/\/artisjet-printers.eu\/#website"},"datePublished":"2026-03-19T06:20:19+00:00","dateModified":"2026-03-19T06:20:19+00:00","breadcrumb":{"@id":"https:\/\/artisjet-printers.eu\/community\/#breadcrumb"},"inLanguage":"de","potentialAction":[{"@type":"ReadAction","target":["https:\/\/artisjet-printers.eu\/community\/"]}]},{"@type":"BreadcrumbList","@id":"https:\/\/artisjet-printers.eu\/community\/#breadcrumb","itemListElement":[{"@type":"ListItem","position":1,"name":"Home","item":"https:\/\/artisjet-printers.eu\/"},{"@type":"ListItem","position":2,"name":"Blog artisJet Europe"}]},{"@type":"WebSite","@id":"https:\/\/artisjet-printers.eu\/#website","url":"https:\/\/artisjet-printers.eu\/","name":"Artisjet Europe","description":"Official distributor in Europe","publisher":{"@id":"https:\/\/artisjet-printers.eu\/#organization"},"potentialAction":[{"@type":"SearchAction","target":{"@type":"EntryPoint","urlTemplate":"https:\/\/artisjet-printers.eu\/?s={search_term_string}"},"query-input":"required name=search_term_string"}],"inLanguage":"de"},{"@type":"Organization","@id":"https:\/\/artisjet-printers.eu\/#organization","name":"ArtisJet","url":"https:\/\/artisjet-printers.eu\/","logo":{"@type":"ImageObject","inLanguage":"de","@id":"https:\/\/artisjet-printers.eu\/#\/schema\/logo\/image\/","url":"https:\/\/artisjet-printers.eu\/wp-content\/uploads\/2017\/12\/logoartisjet.jpg","contentUrl":"https:\/\/artisjet-printers.eu\/wp-content\/uploads\/2017\/12\/logoartisjet.jpg","width":217,"height":80,"caption":"ArtisJet"},"image":{"@id":"https:\/\/artisjet-printers.eu\/#\/schema\/logo\/image\/"}}]}},"_links":{"self":[{"href":"https:\/\/artisjet-printers.eu\/de\/wp-json\/wp\/v2\/pages\/9010","targetHints":{"allow":["GET"]}}],"collection":[{"href":"https:\/\/artisjet-printers.eu\/de\/wp-json\/wp\/v2\/pages"}],"about":[{"href":"https:\/\/artisjet-printers.eu\/de\/wp-json\/wp\/v2\/types\/page"}],"author":[{"embeddable":true,"href":"https:\/\/artisjet-printers.eu\/de\/wp-json\/wp\/v2\/users\/1"}],"replies":[{"embeddable":true,"href":"https:\/\/artisjet-printers.eu\/de\/wp-json\/wp\/v2\/comments?post=9010"}],"version-history":[{"count":0,"href":"https:\/\/artisjet-printers.eu\/de\/wp-json\/wp\/v2\/pages\/9010\/revisions"}],"wp:attachment":[{"href":"https:\/\/artisjet-printers.eu\/de\/wp-json\/wp\/v2\/media?parent=9010"}],"curies":[{"name":"wp","href":"https:\/\/api.w.org\/{rel}","templated":true}]}}