{"id":839,"date":"2018-04-06T15:10:15","date_gmt":"2018-04-06T13:10:15","guid":{"rendered":"http:\/\/artisjet-printers.eu\/?page_id=839"},"modified":"2018-04-09T12:41:49","modified_gmt":"2018-04-09T10:41:49","slug":"brotherjet-is-now-artisjet","status":"publish","type":"page","link":"https:\/\/artisjet-printers.eu\/de\/brotherjet-is-now-artisjet\/","title":{"rendered":"Fr\u00fcher Brotherjet, heute Artisjet!"},"content":{"rendered":"<p><img loading=\"lazy\" decoding=\"async\" class=\"size-full wp-image-840 aligncenter\" src=\"https:\/\/rescate.artisjet-printers.eu\/wp-content\/uploads\/2018\/04\/brotherjet-logo-is-artisjet.jpg\" alt=\"\" width=\"425\" height=\"85\" srcset=\"https:\/\/artisjet-printers.eu\/wp-content\/uploads\/2018\/04\/brotherjet-logo-is-artisjet.jpg 425w, https:\/\/artisjet-printers.eu\/wp-content\/uploads\/2018\/04\/brotherjet-logo-is-artisjet-300x60.jpg 300w\" sizes=\"auto, (max-width: 425px) 100vw, 425px\" \/><\/p>\n<p><span lang=\"DE\">Artis sind Maschinen, welche unteranderem dank des Druckkopfs und der Drucktechnologie von Epson eine hohe Druckqualit\u00e4t aufweisen. Was uns von anderen Anbietern unterscheidet, sind die Betriebskosten, welche weit unter Marktalternativen liegen. Vor allem weil unsere Maschinen Tinten in Flaschen und nicht in Patronen verwenden.<\/span><\/p>\n<p><img loading=\"lazy\" decoding=\"async\" class=\"size-full wp-image-9 aligncenter\" src=\"https:\/\/rescate.artisjet-printers.eu\/wp-content\/uploads\/2017\/12\/application-banner.jpg\" alt=\"\" width=\"1860\" height=\"437\" srcset=\"https:\/\/artisjet-printers.eu\/wp-content\/uploads\/2017\/12\/application-banner.jpg 1860w, https:\/\/artisjet-printers.eu\/wp-content\/uploads\/2017\/12\/application-banner-600x141.jpg 600w, https:\/\/artisjet-printers.eu\/wp-content\/uploads\/2017\/12\/application-banner-300x70.jpg 300w, https:\/\/artisjet-printers.eu\/wp-content\/uploads\/2017\/12\/application-banner-768x180.jpg 768w, https:\/\/artisjet-printers.eu\/wp-content\/uploads\/2017\/12\/application-banner-1024x241.jpg 1024w\" sizes=\"auto, (max-width: 1860px) 100vw, 1860px\" \/><\/p>\n<p>Dank der Verwendung von wei\u00dfer Tinte drucken Sie auf jeder Hintergrundfarbe mit einer hohen Qualit\u00e4t. Des Weiteren sind nahezu fast alle Materialarten bedruckbar.<\/p>\n<p>Unsere Drucker sind ideal f\u00fcr die Produktion von personalisierten Objekten, Souvenirs, Werbungen, Beschilderungen, Handyh\u00fcllen, Fotografien und viel mehr.<\/p>\n<p>Neben der bereits integrierten Basissoftware verkaufen wir auch eine erweiterte Version, um im selben Druckprozess in Wei\u00df und in Farbe drucken zu k\u00f6nnen. Dies geschieht unter der Ber\u00fccksichtigung, dass stetig eine hohe Aufl\u00f6sung gew\u00e4hrleistet wird.<a href=\"https:\/\/rescate.artisjet-printers.eu\/shop\/artis-3000-uv-led\/\"><img loading=\"lazy\" decoding=\"async\" class=\"alignright wp-image-198 size-medium\" src=\"https:\/\/rescate.artisjet-printers.eu\/wp-content\/uploads\/2017\/12\/artis3060Uimg3-300x268.jpg\" alt=\"Impresora Artis 3060U UV Led\" width=\"300\" height=\"268\" srcset=\"https:\/\/artisjet-printers.eu\/wp-content\/uploads\/2017\/12\/artis3060Uimg3-300x268.jpg 300w, https:\/\/artisjet-printers.eu\/wp-content\/uploads\/2017\/12\/artis3060Uimg3.jpg 560w\" sizes=\"auto, (max-width: 300px) 100vw, 300px\" \/><\/a><\/p>\n<p>Artisjet\u00a0verf\u00fcgt \u00fcber einen technischen Service\u00a0vor Ort f\u00fcr Reparaturen. Des Weiteren stehen wir\u00a0Ihnen\u00a0f\u00fcr Fragen bez\u00fcglich unserer Produkte zur Verf\u00fcgung und sind stets\u00a0bem\u00fcht, effiziente L\u00f6sungen bereitzustellen.<\/p>\n<p><a href=\"https:\/\/rescate.artisjet-printers.eu\/shop\/artis-2100-uv-led\/\"><img loading=\"lazy\" decoding=\"async\" class=\"alignleft wp-image-253 size-medium\" src=\"https:\/\/rescate.artisjet-printers.eu\/wp-content\/uploads\/2017\/12\/artis2100Uimg3-300x268.jpg\" alt=\"Artis 2100 imprimante UV Led\" width=\"300\" height=\"268\" srcset=\"https:\/\/artisjet-printers.eu\/wp-content\/uploads\/2017\/12\/artis2100Uimg3-300x268.jpg 300w, https:\/\/artisjet-printers.eu\/wp-content\/uploads\/2017\/12\/artis2100Uimg3.jpg 560w\" sizes=\"auto, (max-width: 300px) 100vw, 300px\" \/><\/a>In Folge sind Informationen bez\u00fcglich unserer beliebtesten Drucker ersichtlich; Der <a href=\"https:\/\/rescate.artisjet-printers.eu\/shop\/artis-2100-uv-led\/\">Artis 2100 UV Led<\/a> und der <a href=\"https:\/\/rescate.artisjet-printers.eu\/shop\/artis-3000-uv-led\/\">Artis 3000 A3 UV Led<\/a>. Weitere Modelle sind ebenfalls auf unserer Website zu finden.<\/p>\n","protected":false},"excerpt":{"rendered":"<p>Artis sind Maschinen, welche unteranderem dank des Druckkopfs und der Drucktechnologie von Epson eine hohe Druckqualit\u00e4t aufweisen. Was uns von anderen Anbietern unterscheidet, sind die Betriebskosten, welche weit unter Marktalternativen liegen. Vor allem weil unsere Maschinen Tinten in Flaschen und<\/p>\n","protected":false},"author":1,"featured_media":0,"parent":0,"menu_order":0,"comment_status":"closed","ping_status":"closed","template":"","meta":{"ngg_post_thumbnail":0,"footnotes":""},"class_list":["post-839","page","type-page","status-publish","hentry"],"translation":{"provider":"WPGlobus","version":"2.12.2","language":"de","enabled_languages":["fr","de","pt","en"],"languages":{"fr":{"title":true,"content":true,"excerpt":false},"de":{"title":true,"content":true,"excerpt":false},"pt":{"title":false,"content":false,"excerpt":false},"en":{"title":true,"content":false,"excerpt":false}}},"yoast_head":"<!-- This site is optimized with the Yoast SEO plugin v22.0 - https:\/\/yoast.com\/wordpress\/plugins\/seo\/ -->\n<title>Fr\u00fcher Brotherjet, heute Artisjet! | Artisjet Europe<\/title>\n<meta name=\"robots\" content=\"index, follow, max-snippet:-1, max-image-preview:large, max-video-preview:-1\" \/>\n<link rel=\"canonical\" href=\"https:\/\/artisjet-printers.eu\/de\/brotherjet-is-now-artisjet\/\" \/>\n<meta property=\"og:locale\" content=\"de_DE\" \/>\n<meta property=\"og:type\" content=\"article\" \/>\n<meta property=\"og:title\" content=\"Fr\u00fcher Brotherjet, heute Artisjet! | Artisjet Europe\" \/>\n<meta property=\"og:url\" content=\"https:\/\/artisjet-printers.eu\/de\/brotherjet-is-now-artisjet\/\" \/>\n<meta property=\"og:site_name\" content=\"Artisjet Europe\" \/>\n<meta property=\"article:modified_time\" content=\"2018-04-09T10:41:49+00:00\" \/>\n<meta property=\"og:image\" content=\"https:\/\/rescate.artisjet-printers.eu\/wp-content\/uploads\/2018\/04\/brotherjet-logo-is-artisjet.jpg\" \/>\n<meta name=\"twitter:card\" content=\"summary_large_image\" \/>\n<meta name=\"twitter:label1\" content=\"Gesch\u00e4tzte Lesezeit\" \/>\n\t<meta name=\"twitter:data1\" content=\"3\u00a0Minuten\" \/>\n<script type=\"application\/ld+json\" class=\"yoast-schema-graph\">{\"@context\":\"https:\/\/schema.org\",\"@graph\":[{\"@type\":\"WebPage\",\"@id\":\"https:\/\/artisjet-printers.eu\/de\/brotherjet-is-now-artisjet\/\",\"url\":\"https:\/\/artisjet-printers.eu\/de\/brotherjet-is-now-artisjet\/\",\"name\":\"Fr\u00fcher Brotherjet, heute Artisjet! | Artisjet Europe\",\"isPartOf\":{\"@id\":\"https:\/\/artisjet-printers.eu\/#website\"},\"datePublished\":\"2018-04-06T13:10:15+00:00\",\"dateModified\":\"2018-04-09T10:41:49+00:00\",\"description\":\"\",\"breadcrumb\":{\"@id\":\"https:\/\/artisjet-printers.eu\/de\/brotherjet-is-now-artisjet\/#breadcrumb\"},\"inLanguage\":\"de\",\"potentialAction\":[{\"@type\":\"ReadAction\",\"target\":[\"https:\/\/artisjet-printers.eu\/de\/brotherjet-is-now-artisjet\/\"]}]},{\"@type\":\"BreadcrumbList\",\"@id\":\"https:\/\/artisjet-printers.eu\/de\/brotherjet-is-now-artisjet\/#breadcrumb\",\"itemListElement\":[{\"@type\":\"ListItem\",\"position\":1,\"name\":\"Home\",\"item\":\"https:\/\/artisjet-printers.eu\/\"},{\"@type\":\"ListItem\",\"position\":2,\"name\":\"Fr\u00fcher Brotherjet, heute Artisjet!\"}]},{\"@type\":\"WebSite\",\"@id\":\"https:\/\/artisjet-printers.eu\/#website\",\"url\":\"https:\/\/artisjet-printers.eu\/\",\"name\":\"Artisjet Europe\",\"description\":\"Official distributor in Europe\",\"publisher\":{\"@id\":\"https:\/\/artisjet-printers.eu\/#organization\"},\"potentialAction\":[{\"@type\":\"SearchAction\",\"target\":{\"@type\":\"EntryPoint\",\"urlTemplate\":\"https:\/\/artisjet-printers.eu\/?s={search_term_string}\"},\"query-input\":\"required name=search_term_string\"}],\"inLanguage\":\"de\"},{\"@type\":\"Organization\",\"@id\":\"https:\/\/artisjet-printers.eu\/#organization\",\"name\":\"ArtisJet\",\"url\":\"https:\/\/artisjet-printers.eu\/\",\"logo\":{\"@type\":\"ImageObject\",\"inLanguage\":\"de\",\"@id\":\"https:\/\/artisjet-printers.eu\/#\/schema\/logo\/image\/\",\"url\":\"https:\/\/artisjet-printers.eu\/wp-content\/uploads\/2017\/12\/logoartisjet.jpg\",\"contentUrl\":\"https:\/\/artisjet-printers.eu\/wp-content\/uploads\/2017\/12\/logoartisjet.jpg\",\"width\":217,\"height\":80,\"caption\":\"ArtisJet\"},\"image\":{\"@id\":\"https:\/\/artisjet-printers.eu\/#\/schema\/logo\/image\/\"}}]}<\/script>\n<!-- \/ Yoast SEO plugin. -->","yoast_head_json":{"title":"Fr\u00fcher Brotherjet, heute Artisjet! | Artisjet Europe","robots":{"index":"index","follow":"follow","max-snippet":"max-snippet:-1","max-image-preview":"max-image-preview:large","max-video-preview":"max-video-preview:-1"},"canonical":"https:\/\/artisjet-printers.eu\/de\/brotherjet-is-now-artisjet\/","og_locale":"de_DE","og_type":"article","og_title":"Fr\u00fcher Brotherjet, heute Artisjet! | Artisjet Europe","og_url":"https:\/\/artisjet-printers.eu\/de\/brotherjet-is-now-artisjet\/","og_site_name":"Artisjet Europe","article_modified_time":"2018-04-09T10:41:49+00:00","og_image":[{"url":"https:\/\/rescate.artisjet-printers.eu\/wp-content\/uploads\/2018\/04\/brotherjet-logo-is-artisjet.jpg"}],"twitter_card":"summary_large_image","twitter_misc":{"Gesch\u00e4tzte Lesezeit":"3\u00a0Minuten"},"schema":{"@context":"https:\/\/schema.org","@graph":[{"@type":"WebPage","@id":"https:\/\/artisjet-printers.eu\/de\/brotherjet-is-now-artisjet\/","url":"https:\/\/artisjet-printers.eu\/de\/brotherjet-is-now-artisjet\/","name":"Fr\u00fcher Brotherjet, heute Artisjet! | Artisjet Europe","isPartOf":{"@id":"https:\/\/artisjet-printers.eu\/#website"},"datePublished":"2018-04-06T13:10:15+00:00","dateModified":"2018-04-09T10:41:49+00:00","description":"","breadcrumb":{"@id":"https:\/\/artisjet-printers.eu\/de\/brotherjet-is-now-artisjet\/#breadcrumb"},"inLanguage":"de","potentialAction":[{"@type":"ReadAction","target":["https:\/\/artisjet-printers.eu\/de\/brotherjet-is-now-artisjet\/"]}]},{"@type":"BreadcrumbList","@id":"https:\/\/artisjet-printers.eu\/de\/brotherjet-is-now-artisjet\/#breadcrumb","itemListElement":[{"@type":"ListItem","position":1,"name":"Home","item":"https:\/\/artisjet-printers.eu\/"},{"@type":"ListItem","position":2,"name":"Fr\u00fcher Brotherjet, heute Artisjet!"}]},{"@type":"WebSite","@id":"https:\/\/artisjet-printers.eu\/#website","url":"https:\/\/artisjet-printers.eu\/","name":"Artisjet Europe","description":"Official distributor in Europe","publisher":{"@id":"https:\/\/artisjet-printers.eu\/#organization"},"potentialAction":[{"@type":"SearchAction","target":{"@type":"EntryPoint","urlTemplate":"https:\/\/artisjet-printers.eu\/?s={search_term_string}"},"query-input":"required name=search_term_string"}],"inLanguage":"de"},{"@type":"Organization","@id":"https:\/\/artisjet-printers.eu\/#organization","name":"ArtisJet","url":"https:\/\/artisjet-printers.eu\/","logo":{"@type":"ImageObject","inLanguage":"de","@id":"https:\/\/artisjet-printers.eu\/#\/schema\/logo\/image\/","url":"https:\/\/artisjet-printers.eu\/wp-content\/uploads\/2017\/12\/logoartisjet.jpg","contentUrl":"https:\/\/artisjet-printers.eu\/wp-content\/uploads\/2017\/12\/logoartisjet.jpg","width":217,"height":80,"caption":"ArtisJet"},"image":{"@id":"https:\/\/artisjet-printers.eu\/#\/schema\/logo\/image\/"}}]}},"_links":{"self":[{"href":"https:\/\/artisjet-printers.eu\/de\/wp-json\/wp\/v2\/pages\/839","targetHints":{"allow":["GET"]}}],"collection":[{"href":"https:\/\/artisjet-printers.eu\/de\/wp-json\/wp\/v2\/pages"}],"about":[{"href":"https:\/\/artisjet-printers.eu\/de\/wp-json\/wp\/v2\/types\/page"}],"author":[{"embeddable":true,"href":"https:\/\/artisjet-printers.eu\/de\/wp-json\/wp\/v2\/users\/1"}],"replies":[{"embeddable":true,"href":"https:\/\/artisjet-printers.eu\/de\/wp-json\/wp\/v2\/comments?post=839"}],"version-history":[{"count":8,"href":"https:\/\/artisjet-printers.eu\/de\/wp-json\/wp\/v2\/pages\/839\/revisions"}],"predecessor-version":[{"id":942,"href":"https:\/\/artisjet-printers.eu\/de\/wp-json\/wp\/v2\/pages\/839\/revisions\/942"}],"wp:attachment":[{"href":"https:\/\/artisjet-printers.eu\/de\/wp-json\/wp\/v2\/media?parent=839"}],"curies":[{"name":"wp","href":"https:\/\/api.w.org\/{rel}","templated":true}]}}