{"id":540,"date":"2017-12-14T14:26:44","date_gmt":"2017-12-14T14:26:44","guid":{"rendered":"http:\/\/artisjet-printers.eu\/?page_id=540"},"modified":"2018-10-23T09:40:50","modified_gmt":"2018-10-23T07:40:50","slug":"storefront","status":"publish","type":"page","link":"https:\/\/artisjet-printers.eu\/de\/storefront\/","title":{"rendered":"Einkaufen"},"content":{"rendered":"<div class=\"column-grid column-grid-2\"><div class=\"column column-span-1 column-push-0 column-first\"><p><img loading=\"lazy\" decoding=\"async\" class=\"alignnone wp-image-543\" src=\"https:\/\/rescate.artisjet-printers.eu\/wp-content\/uploads\/2017\/12\/artis2100Uimg3-1.jpg\" alt=\"\" width=\"560\" height=\"500\" srcset=\"https:\/\/artisjet-printers.eu\/wp-content\/uploads\/2017\/12\/artis2100Uimg3-1.jpg 560w, https:\/\/artisjet-printers.eu\/wp-content\/uploads\/2017\/12\/artis2100Uimg3-1-300x268.jpg 300w\" sizes=\"auto, (max-width: 560px) 100vw, 560px\" \/><\/p>\n<\/div>\n<div class=\"column column-span-1 column-push-0 column-last\"><\/p>\n<h2 class=\"dark-grey-text uppercase-text\"><a href=\"https:\/\/rescate.artisjet-printers.eu\/de\/uv-led-printers\/\">UV-LED-Drucker<\/a><\/h2>\n<ul>\n<li>Drucken Sie Ihre Ideen auf Farbmaterialien und \u00fcberraschen Sie Ihre Kunden mit fotografischer Qualit\u00e4t oder mit Relief-Effekt.<\/li>\n<li>Wei\u00dfe und klare Tinte hebt die gesamte Farbpalette hervor.<\/li>\n<li>Drucken Sie Ihre Ideen direkt auf flexible und starre Substrate.<\/li>\n<li>Treffen Sie eine intelligente Wahl unter Druckern verschiedener Gr\u00f6\u00dfen und erzielen Sie exzellente Farben in den Produkten.<\/li>\n<li>L\u00e4ngere Lebensdauer des Kopfes dank der integrierten Fl\u00fcssigkeitsk\u00fchlung.<\/li>\n<li>Automatische Reinigung und UV-Lampe mit Blitzfeuerung.<\/li>\n<li>Erhalten Sie saubere Druckergebnisse dank des antistatischen Systems.<\/li>\n<\/ul>\n<p>&nbsp;<\/p>\n<p><a class=\"fasc-button fasc-size-large fasc-type-glossy fasc-rounded-medium fasc-ico-before dashicons-visibility\" style=\"background-color: #247edd; color: #ffffff;\" href=\"\/de\/uv-led-printers\/\">Weiterlesen<\/a><\/p>\n<p>\n<\/div><\/div>\n<div class=\"column-grid column-grid-2\"><div class=\"column column-span-1 column-push-0 column-first\"><p><img loading=\"lazy\" decoding=\"async\" class=\"alignnone wp-image-382\" src=\"https:\/\/rescate.artisjet-printers.eu\/wp-content\/uploads\/2017\/12\/artis3000Timg3-1.jpg\" alt=\"Impresora Textil Artis 3060T\" width=\"560\" height=\"500\" srcset=\"https:\/\/artisjet-printers.eu\/wp-content\/uploads\/2017\/12\/artis3000Timg3-1.jpg 560w, https:\/\/artisjet-printers.eu\/wp-content\/uploads\/2017\/12\/artis3000Timg3-1-300x268.jpg 300w\" sizes=\"auto, (max-width: 560px) 100vw, 560px\" \/><\/p>\n<\/div>\n<div class=\"column column-span-1 column-push-0 column-last\"><\/p>\n<h2 class=\"dark-grey-text uppercase-text\"><a href=\"https:\/\/rescate.artisjet-printers.eu\/de\/dtg-printers\/\">DTG Direkte Textildrucker<\/a><\/h2>\n<ul>\n<li>Direktdruck auf Baumwolle und Polyester.<\/li>\n<li>Druckgr\u00f6\u00dfe von A3 + (330 * 600mm) bis A2 + (530 * 730mm).<\/li>\n<li>Gro\u00dfe Waschbest\u00e4ndigkeit mit neuer Pigmenttinte auf Wasserbasis.<\/li>\n<li>Kompatibel mit Dupont Tinten.<\/li>\n<li>Lebendige und kr\u00e4ftige Farben in hellen und dunklen Textilien.<\/li>\n<li>Wechselplatten f\u00fcr verschiedene Druckanwendungen.<\/li>\n<li>Automatisches Reinigungssystem.<\/li>\n<li>Schnelle Produktion.<\/li>\n<li>Niedrige Produktionskosten.<\/li>\n<li>Einfaches wiederholtes Drucken.<\/li>\n<\/ul>\n<p>&nbsp;<\/p>\n<p><a class=\"fasc-button fasc-size-large fasc-type-glossy fasc-rounded-medium fasc-ico-before dashicons-visibility\" style=\"background-color: #247edd; color: #ffffff;\" href=\"\/de\/dtg-printers\/\">Weiterlesen<\/a><\/p>\n<p>\n<\/div><\/div>\n<p>&nbsp;<\/p>\n<div class=\"column-grid column-grid-2\"><div class=\"column column-span-1 column-push-0 column-first\"><p><img loading=\"lazy\" decoding=\"async\" class=\"alignnone wp-image-545\" src=\"https:\/\/rescate.artisjet-printers.eu\/wp-content\/uploads\/2017\/12\/inks-300x212.png\" alt=\"\" width=\"560\" height=\"397\" srcset=\"https:\/\/artisjet-printers.eu\/wp-content\/uploads\/2017\/12\/inks-300x212.png 300w, https:\/\/artisjet-printers.eu\/wp-content\/uploads\/2017\/12\/inks.png 370w\" sizes=\"auto, (max-width: 560px) 100vw, 560px\" \/><\/p>\n<\/div>\n<div class=\"column column-span-1 column-push-0 column-last\"><\/p>\n<h2 class=\"dark-grey-text uppercase-text\"><a href=\"https:\/\/rescate.artisjet-printers.eu\/de\/inks\/\">Tinten &#8211; UV Led, DTG, Ecosolvent<\/a><\/h2>\n<ul>\n<li>Breites Angebot&nbsp; von UV-LED- und Textiltinten<\/li>\n<li>BR-Serie von Tinten mit \u00f6kologischen L\u00f6sungsmittelpigmenten.<\/li>\n<li>Tinten mit wasserbasierten Pigmenten DTG.<\/li>\n<li>Reinigungsl\u00f6sungen f\u00fcr jede Art von Tinten.<\/li>\n<li>Hohe Leistung in Bezug auf Resistenz.<\/li>\n<li>Kompatibel mit vielen verschiedenen Materialien.<\/li>\n<li>Erh\u00e4ltlich in Flaschen von 200ML \/ 500ML .<\/li>\n<\/ul>\n<p>&nbsp;<\/p>\n<p><a class=\"fasc-button fasc-size-large fasc-type-glossy fasc-rounded-medium fasc-ico-before dashicons-visibility\" style=\"background-color: #247edd; color: #ffffff;\" href=\"\/de\/inks\/\">Weiterlesen<\/a><\/p>\n<p>\n<\/div><\/div>\n<p>&nbsp;<\/p>\n<div class=\"column-grid column-grid-2\"><div class=\"column column-span-1 column-push-0 column-first\"><p> <img loading=\"lazy\" decoding=\"async\" class=\"wp-image-494 size-full aligncenter\" src=\"https:\/\/rescate.artisjet-printers.eu\/wp-content\/uploads\/2017\/12\/sofware-white-rip.jpg\" alt=\"WhiteRIP Printing Software\" width=\"500\" height=\"500\" srcset=\"https:\/\/artisjet-printers.eu\/wp-content\/uploads\/2017\/12\/sofware-white-rip.jpg 500w, https:\/\/artisjet-printers.eu\/wp-content\/uploads\/2017\/12\/sofware-white-rip-300x300.jpg 300w, https:\/\/artisjet-printers.eu\/wp-content\/uploads\/2017\/12\/sofware-white-rip-100x100.jpg 100w, https:\/\/artisjet-printers.eu\/wp-content\/uploads\/2017\/12\/sofware-white-rip-150x150.jpg 150w, https:\/\/artisjet-printers.eu\/wp-content\/uploads\/2017\/12\/sofware-white-rip-270x270.jpg 270w, https:\/\/artisjet-printers.eu\/wp-content\/uploads\/2017\/12\/sofware-white-rip-230x230.jpg 230w\" sizes=\"auto, (max-width: 500px) 100vw, 500px\" \/> <\/p>\n<\/div>\n<div class=\"column column-span-1 column-push-0 column-last\"><\/p>\n<h2><a href=\"https:\/\/rescate.artisjet-printers.eu\/product\/rip-software\/\">Software RIP &amp; layer softwares<\/a><\/h2>\n<p>&nbsp;<\/p>\n<ul>\n<li>Wir haben zwei Versionen zur Verf\u00fcgung.<\/li>\n<li>Es gibt eine Basisversion und eine erweiterte Version.<\/li>\n<li>Einfache Handhabung von professioneller RIP-Software f\u00fcr den besten Farbdruck.<\/li>\n<li>Verwendung von Farbprofilen<\/li>\n<li>Reliefdruck in einem Durchgang<\/li>\n<li>Lackdruck<\/li>\n<li>Drucken von Farben und Wei\u00df f\u00fcr transparente oder dunkle Oberfl\u00e4chen in einem Durchgang (je nach Version)<\/li>\n<\/ul>\n<p>&nbsp;<\/p>\n<p><a class=\"fasc-button fasc-size-large fasc-type-glossy fasc-rounded-medium fasc-ico-before dashicons-visibility\" style=\"background-color: #247edd; color: #ffffff;\" href=\"https:\/\/rescate.artisjet-printers.eu\/de\/product\/rip-software\/\">Weiterlesen<\/a><\/p>\n<p>\n<\/div><\/div>\n<p>&nbsp;<\/p>\n<div class=\"column-grid column-grid-2\"><div class=\"column column-span-1 column-push-0 column-first\"><p> <img loading=\"lazy\" decoding=\"async\" class=\"alignnone wp-image-547 size-full\" src=\"https:\/\/rescate.artisjet-printers.eu\/wp-content\/uploads\/2017\/12\/spare-parts.jpg\" alt=\"\" width=\"560\" height=\"500\" srcset=\"https:\/\/artisjet-printers.eu\/wp-content\/uploads\/2017\/12\/spare-parts.jpg 560w, https:\/\/artisjet-printers.eu\/wp-content\/uploads\/2017\/12\/spare-parts-300x268.jpg 300w\" sizes=\"auto, (max-width: 560px) 100vw, 560px\" \/> <\/p>\n<\/div>\n<div class=\"column column-span-1 column-push-0 column-last\"><\/p>\n<h2 class=\"dark-grey-text uppercase-text\"><a href=\"\/de\/accesories\/\">Zubeh\u00f6r<\/a><\/h2>\n<ul>\n<li>Umfassendes Sortiment von ArtisJet Produkten und Ersatzteilen.<br \/>\nFormen und Platten f\u00fcr verschiedene Anwendungen.<\/li>\n<li>Originalteile mit Garantie.<\/li>\n<li>Bedienungsanleitung f\u00fcr jedes Produkt.<\/li>\n<li class=\"dark-grey-text uppercase-text\">Schnelle Lieferung.<\/li>\n<\/ul>\n<p><a class=\"fasc-button fasc-size-large fasc-type-glossy fasc-rounded-medium fasc-ico-before dashicons-visibility\" style=\"background-color: #247edd; color: #ffffff;\" href=\"\/de\/accesories\/\">Weiterlesen<\/a><\/p>\n<p>\n<\/div><\/div>\n","protected":false},"excerpt":{"rendered":"<p>&nbsp; &nbsp; &nbsp;<\/p>\n","protected":false},"author":1,"featured_media":0,"parent":0,"menu_order":0,"comment_status":"closed","ping_status":"closed","template":"","meta":{"ngg_post_thumbnail":0,"footnotes":""},"class_list":["post-540","page","type-page","status-publish","hentry"],"translation":{"provider":"WPGlobus","version":"2.12.2","language":"de","enabled_languages":["fr","de","pt","en"],"languages":{"fr":{"title":true,"content":true,"excerpt":false},"de":{"title":true,"content":true,"excerpt":false},"pt":{"title":true,"content":true,"excerpt":false},"en":{"title":true,"content":true,"excerpt":false}}},"yoast_head":"<!-- This site is optimized with the Yoast SEO plugin v22.0 - https:\/\/yoast.com\/wordpress\/plugins\/seo\/ -->\n<title>Einkaufen | Artisjet Europe<\/title>\n<meta name=\"robots\" content=\"index, follow, max-snippet:-1, max-image-preview:large, max-video-preview:-1\" \/>\n<link rel=\"canonical\" href=\"https:\/\/artisjet-printers.eu\/storefront\/\" \/>\n<meta property=\"og:locale\" content=\"de_DE\" \/>\n<meta property=\"og:type\" content=\"article\" \/>\n<meta property=\"og:title\" content=\"Einkaufen | Artisjet Europe\" \/>\n<meta property=\"og:url\" content=\"https:\/\/artisjet-printers.eu\/storefront\/\" \/>\n<meta property=\"og:site_name\" content=\"Artisjet Europe\" \/>\n<meta property=\"article:modified_time\" content=\"2018-10-23T07:40:50+00:00\" \/>\n<meta property=\"og:image\" content=\"https:\/\/rescate.artisjet-printers.eu\/wp-content\/uploads\/2017\/12\/artis2100Uimg3-1.jpg\" \/>\n<meta name=\"twitter:card\" content=\"summary_large_image\" \/>\n<meta name=\"twitter:label1\" content=\"Gesch\u00e4tzte Lesezeit\" \/>\n\t<meta name=\"twitter:data1\" content=\"7\u00a0Minuten\" \/>\n<script type=\"application\/ld+json\" class=\"yoast-schema-graph\">{\"@context\":\"https:\/\/schema.org\",\"@graph\":[{\"@type\":\"WebPage\",\"@id\":\"https:\/\/artisjet-printers.eu\/storefront\/\",\"url\":\"https:\/\/artisjet-printers.eu\/storefront\/\",\"name\":\"Einkaufen | Artisjet Europe\",\"isPartOf\":{\"@id\":\"https:\/\/artisjet-printers.eu\/#website\"},\"datePublished\":\"2017-12-14T14:26:44+00:00\",\"dateModified\":\"2018-10-23T07:40:50+00:00\",\"breadcrumb\":{\"@id\":\"https:\/\/artisjet-printers.eu\/storefront\/#breadcrumb\"},\"inLanguage\":\"de\",\"potentialAction\":[{\"@type\":\"ReadAction\",\"target\":[\"https:\/\/artisjet-printers.eu\/storefront\/\"]}]},{\"@type\":\"BreadcrumbList\",\"@id\":\"https:\/\/artisjet-printers.eu\/storefront\/#breadcrumb\",\"itemListElement\":[{\"@type\":\"ListItem\",\"position\":1,\"name\":\"Home\",\"item\":\"https:\/\/artisjet-printers.eu\/\"},{\"@type\":\"ListItem\",\"position\":2,\"name\":\"Boutique\"}]},{\"@type\":\"WebSite\",\"@id\":\"https:\/\/artisjet-printers.eu\/#website\",\"url\":\"https:\/\/artisjet-printers.eu\/\",\"name\":\"Artisjet Europe\",\"description\":\"Official distributor in Europe\",\"publisher\":{\"@id\":\"https:\/\/artisjet-printers.eu\/#organization\"},\"potentialAction\":[{\"@type\":\"SearchAction\",\"target\":{\"@type\":\"EntryPoint\",\"urlTemplate\":\"https:\/\/artisjet-printers.eu\/?s={search_term_string}\"},\"query-input\":\"required name=search_term_string\"}],\"inLanguage\":\"de\"},{\"@type\":\"Organization\",\"@id\":\"https:\/\/artisjet-printers.eu\/#organization\",\"name\":\"ArtisJet\",\"url\":\"https:\/\/artisjet-printers.eu\/\",\"logo\":{\"@type\":\"ImageObject\",\"inLanguage\":\"de\",\"@id\":\"https:\/\/artisjet-printers.eu\/#\/schema\/logo\/image\/\",\"url\":\"https:\/\/artisjet-printers.eu\/wp-content\/uploads\/2017\/12\/logoartisjet.jpg\",\"contentUrl\":\"https:\/\/artisjet-printers.eu\/wp-content\/uploads\/2017\/12\/logoartisjet.jpg\",\"width\":217,\"height\":80,\"caption\":\"ArtisJet\"},\"image\":{\"@id\":\"https:\/\/artisjet-printers.eu\/#\/schema\/logo\/image\/\"}}]}<\/script>\n<!-- \/ Yoast SEO plugin. -->","yoast_head_json":{"title":"Einkaufen | Artisjet Europe","robots":{"index":"index","follow":"follow","max-snippet":"max-snippet:-1","max-image-preview":"max-image-preview:large","max-video-preview":"max-video-preview:-1"},"canonical":"https:\/\/artisjet-printers.eu\/storefront\/","og_locale":"de_DE","og_type":"article","og_title":"Einkaufen | Artisjet Europe","og_url":"https:\/\/artisjet-printers.eu\/storefront\/","og_site_name":"Artisjet Europe","article_modified_time":"2018-10-23T07:40:50+00:00","og_image":[{"url":"https:\/\/rescate.artisjet-printers.eu\/wp-content\/uploads\/2017\/12\/artis2100Uimg3-1.jpg"}],"twitter_card":"summary_large_image","twitter_misc":{"Gesch\u00e4tzte Lesezeit":"7\u00a0Minuten"},"schema":{"@context":"https:\/\/schema.org","@graph":[{"@type":"WebPage","@id":"https:\/\/artisjet-printers.eu\/storefront\/","url":"https:\/\/artisjet-printers.eu\/storefront\/","name":"Einkaufen | Artisjet Europe","isPartOf":{"@id":"https:\/\/artisjet-printers.eu\/#website"},"datePublished":"2017-12-14T14:26:44+00:00","dateModified":"2018-10-23T07:40:50+00:00","breadcrumb":{"@id":"https:\/\/artisjet-printers.eu\/storefront\/#breadcrumb"},"inLanguage":"de","potentialAction":[{"@type":"ReadAction","target":["https:\/\/artisjet-printers.eu\/storefront\/"]}]},{"@type":"BreadcrumbList","@id":"https:\/\/artisjet-printers.eu\/storefront\/#breadcrumb","itemListElement":[{"@type":"ListItem","position":1,"name":"Home","item":"https:\/\/artisjet-printers.eu\/"},{"@type":"ListItem","position":2,"name":"Boutique"}]},{"@type":"WebSite","@id":"https:\/\/artisjet-printers.eu\/#website","url":"https:\/\/artisjet-printers.eu\/","name":"Artisjet Europe","description":"Official distributor in Europe","publisher":{"@id":"https:\/\/artisjet-printers.eu\/#organization"},"potentialAction":[{"@type":"SearchAction","target":{"@type":"EntryPoint","urlTemplate":"https:\/\/artisjet-printers.eu\/?s={search_term_string}"},"query-input":"required name=search_term_string"}],"inLanguage":"de"},{"@type":"Organization","@id":"https:\/\/artisjet-printers.eu\/#organization","name":"ArtisJet","url":"https:\/\/artisjet-printers.eu\/","logo":{"@type":"ImageObject","inLanguage":"de","@id":"https:\/\/artisjet-printers.eu\/#\/schema\/logo\/image\/","url":"https:\/\/artisjet-printers.eu\/wp-content\/uploads\/2017\/12\/logoartisjet.jpg","contentUrl":"https:\/\/artisjet-printers.eu\/wp-content\/uploads\/2017\/12\/logoartisjet.jpg","width":217,"height":80,"caption":"ArtisJet"},"image":{"@id":"https:\/\/artisjet-printers.eu\/#\/schema\/logo\/image\/"}}]}},"_links":{"self":[{"href":"https:\/\/artisjet-printers.eu\/de\/wp-json\/wp\/v2\/pages\/540","targetHints":{"allow":["GET"]}}],"collection":[{"href":"https:\/\/artisjet-printers.eu\/de\/wp-json\/wp\/v2\/pages"}],"about":[{"href":"https:\/\/artisjet-printers.eu\/de\/wp-json\/wp\/v2\/types\/page"}],"author":[{"embeddable":true,"href":"https:\/\/artisjet-printers.eu\/de\/wp-json\/wp\/v2\/users\/1"}],"replies":[{"embeddable":true,"href":"https:\/\/artisjet-printers.eu\/de\/wp-json\/wp\/v2\/comments?post=540"}],"version-history":[{"count":31,"href":"https:\/\/artisjet-printers.eu\/de\/wp-json\/wp\/v2\/pages\/540\/revisions"}],"predecessor-version":[{"id":1051,"href":"https:\/\/artisjet-printers.eu\/de\/wp-json\/wp\/v2\/pages\/540\/revisions\/1051"}],"wp:attachment":[{"href":"https:\/\/artisjet-printers.eu\/de\/wp-json\/wp\/v2\/media?parent=540"}],"curies":[{"name":"wp","href":"https:\/\/api.w.org\/{rel}","templated":true}]}}