{"id":533,"date":"2017-12-14T14:13:35","date_gmt":"2017-12-14T14:13:35","guid":{"rendered":"http:\/\/artisjet-printers.eu\/?page_id=533"},"modified":"2025-03-07T11:08:04","modified_gmt":"2025-03-07T10:08:04","slug":"about-artisjet","status":"publish","type":"page","link":"https:\/\/artisjet-printers.eu\/de\/about-artisjet\/","title":{"rendered":"\u00dcber uns"},"content":{"rendered":"\n<figure class=\"wp-block-image size-large\"><img loading=\"lazy\" decoding=\"async\" width=\"1024\" height=\"351\" src=\"https:\/\/artisjet-printers.eu\/wp-content\/uploads\/2017\/12\/about-us-banner-1024x351.jpg\" alt=\"\" class=\"wp-image-537\" srcset=\"https:\/\/artisjet-printers.eu\/wp-content\/uploads\/2017\/12\/about-us-banner-1024x351.jpg 1024w, https:\/\/artisjet-printers.eu\/wp-content\/uploads\/2017\/12\/about-us-banner-600x205.jpg 600w, https:\/\/artisjet-printers.eu\/wp-content\/uploads\/2017\/12\/about-us-banner-300x103.jpg 300w, https:\/\/artisjet-printers.eu\/wp-content\/uploads\/2017\/12\/about-us-banner-768x263.jpg 768w, https:\/\/artisjet-printers.eu\/wp-content\/uploads\/2017\/12\/about-us-banner.jpg 1171w\" sizes=\"auto, (max-width: 1024px) 100vw, 1024px\" \/><\/figure>\n\n\n\n<h3 class=\"wp-block-heading has-text-align-center\"><strong><strong>VERSORGEN DER CUSTOMIZATION INDUSTRIE<\/strong><\/strong><\/h3>\n\n\n\n<p class=\"has-text-align-center\">ArtisJet hat eine breite Palette von Gesch\u00e4ftsl\u00f6sungen entwickelt. ArtisJet investiert seit Jahren in die Entwicklung modernster Drucktechnologien. Artisjet bietet Innovationen im direkten Digitaldruck auf Substraten, damit Menschen alle Arten von Objekten erstellen oder personalisieren und ihre Inspiration bei der Erstellung und Produktion zum Ausdruck bringen k\u00f6nnen. <\/p>\n\n\n\n<p class=\"has-text-align-center\">Der Erfolg von artisJet h\u00e4ngt in erster Linie davon ab, starke und zuverl\u00e4ssige Produkte anzubieten, die in komplexe Arbeitsabl\u00e4ufe integriert werden k\u00f6nnen und geringe Verbrauchsmaterialien und Wartungskosten verursachen. ArtisJet ist Hersteller zuverl\u00e4ssiger und innovativer Druckprodukte. Das ArtisJet-Team mit seinem globalen Partnernetzwerk widmet sich der Herstellung wertvoller Produkte und der Bereitstellung der besten Dienstleistungen.<\/p>\n\n\n\n<h3 class=\"wp-block-heading has-text-align-center\"><strong><strong>UNSERE AUFGABE<\/strong><\/strong><\/h3>\n\n\n\n<p class=\"has-text-align-center\">Unsere Mission ist es, die Technologie des Direktdrucks zu entwickeln und zu erforschen, um den Verkauf zu erleichtern und einen zus\u00e4tzlichen Mehrwert f\u00fcr unsere Kunden zu schaffen. Egal, ob Sie eine Privatperson, ein Unternehmen oder eine Gemeinschaft sind, die ein Gesch\u00e4ft gr\u00fcnden oder ausbauen m\u00f6chte \u2013 ArtisJet bietet Ihnen passende Gesch\u00e4ftsl\u00f6sungen zur Optimierung Ihrer Produktionskosten. <\/p>\n\n\n\n<p class=\"has-text-align-center\">Wir sind ein Unternehmen, das bereit ist, die Bed\u00fcrfnisse unserer Kunden in den Bereichen Produktion, Marketing, Schulung und Kundendienst zu erf\u00fcllen. Unser grundlegendes Ziel ist es, zum Erfolg unserer Kunden beizutragen.<\/p>\n\n\n\n<h3 class=\"wp-block-heading has-text-align-center\"><strong><strong><strong>UMWELTENGAGEMENT<\/strong><\/strong><\/strong><\/h3>\n\n\n\n<p class=\"has-text-align-center\">Die Firma ArtisJet hat proaktiv umweltfreundliche Gesch\u00e4ftspraktiken f\u00fcr ihre Produkte entwickelt, die die Umweltbelastung reduziert haben. So ist die Herstellung unserer Produkte sauberer und effizienter geworden. Wir werden weiterhin neue \u00f6kologische Initiativen \u00fcbernehmen und akzeptieren, um den Umweltschutz zu verst\u00e4rken. Wir sind stolz darauf, Teil der \u201eEco-Attitude\u201c-Bewegung zu sein und auf die positiven Auswirkungen, die unsere Bem\u00fchungen auf die Umwelt haben werden.<\/p>\n","protected":false},"excerpt":{"rendered":"<p>VERSORGEN DER CUSTOMIZATION INDUSTRIE ArtisJet hat eine breite Palette von Gesch\u00e4ftsl\u00f6sungen entwickelt. ArtisJet investiert seit Jahren in die Entwicklung modernster Drucktechnologien. Artisjet bietet Innovationen im direkten Digitaldruck auf Substraten, damit Menschen alle Arten von Objekten erstellen oder personalisieren und ihre<\/p>\n","protected":false},"author":1,"featured_media":0,"parent":0,"menu_order":0,"comment_status":"closed","ping_status":"closed","template":"","meta":{"ngg_post_thumbnail":0,"footnotes":""},"class_list":["post-533","page","type-page","status-publish","hentry"],"translation":{"provider":"WPGlobus","version":"2.12.2","language":"de","enabled_languages":["fr","de","pt","en"],"languages":{"fr":{"title":true,"content":true,"excerpt":false},"de":{"title":true,"content":true,"excerpt":false},"pt":{"title":true,"content":true,"excerpt":false},"en":{"title":true,"content":true,"excerpt":false}}},"yoast_head":"<!-- This site is optimized with the Yoast SEO plugin v22.0 - https:\/\/yoast.com\/wordpress\/plugins\/seo\/ -->\n<title>\u00dcber uns | Artisjet Europe<\/title>\n<meta name=\"robots\" content=\"index, follow, max-snippet:-1, max-image-preview:large, max-video-preview:-1\" \/>\n<link rel=\"canonical\" href=\"https:\/\/artisjet-printers.eu\/about-artisjet\/\" \/>\n<meta property=\"og:locale\" content=\"de_DE\" \/>\n<meta property=\"og:type\" content=\"article\" \/>\n<meta property=\"og:title\" content=\"\u00dcber uns | Artisjet Europe\" \/>\n<meta property=\"og:url\" content=\"https:\/\/artisjet-printers.eu\/about-artisjet\/\" \/>\n<meta property=\"og:site_name\" content=\"Artisjet Europe\" \/>\n<meta property=\"article:modified_time\" content=\"2025-03-07T10:08:04+00:00\" \/>\n<meta property=\"og:image\" content=\"https:\/\/artisjet-printers.eu\/wp-content\/uploads\/2017\/12\/about-us-banner-1024x351.jpg\" \/>\n<meta name=\"twitter:card\" content=\"summary_large_image\" \/>\n<meta name=\"twitter:label1\" content=\"Gesch\u00e4tzte Lesezeit\" \/>\n\t<meta name=\"twitter:data1\" content=\"2\u00a0Minuten\" \/>\n<script type=\"application\/ld+json\" class=\"yoast-schema-graph\">{\"@context\":\"https:\/\/schema.org\",\"@graph\":[{\"@type\":\"WebPage\",\"@id\":\"https:\/\/artisjet-printers.eu\/about-artisjet\/\",\"url\":\"https:\/\/artisjet-printers.eu\/about-artisjet\/\",\"name\":\"\u00dcber uns | Artisjet Europe\",\"isPartOf\":{\"@id\":\"https:\/\/artisjet-printers.eu\/#website\"},\"datePublished\":\"2017-12-14T14:13:35+00:00\",\"dateModified\":\"2025-03-07T10:08:04+00:00\",\"breadcrumb\":{\"@id\":\"https:\/\/artisjet-printers.eu\/about-artisjet\/#breadcrumb\"},\"inLanguage\":\"de\",\"potentialAction\":[{\"@type\":\"ReadAction\",\"target\":[\"https:\/\/artisjet-printers.eu\/about-artisjet\/\"]}]},{\"@type\":\"BreadcrumbList\",\"@id\":\"https:\/\/artisjet-printers.eu\/about-artisjet\/#breadcrumb\",\"itemListElement\":[{\"@type\":\"ListItem\",\"position\":1,\"name\":\"Home\",\"item\":\"https:\/\/artisjet-printers.eu\/\"},{\"@type\":\"ListItem\",\"position\":2,\"name\":\"\u00c0 propos de nous\"}]},{\"@type\":\"WebSite\",\"@id\":\"https:\/\/artisjet-printers.eu\/#website\",\"url\":\"https:\/\/artisjet-printers.eu\/\",\"name\":\"Artisjet Europe\",\"description\":\"Official distributor in Europe\",\"publisher\":{\"@id\":\"https:\/\/artisjet-printers.eu\/#organization\"},\"potentialAction\":[{\"@type\":\"SearchAction\",\"target\":{\"@type\":\"EntryPoint\",\"urlTemplate\":\"https:\/\/artisjet-printers.eu\/?s={search_term_string}\"},\"query-input\":\"required name=search_term_string\"}],\"inLanguage\":\"de\"},{\"@type\":\"Organization\",\"@id\":\"https:\/\/artisjet-printers.eu\/#organization\",\"name\":\"ArtisJet\",\"url\":\"https:\/\/artisjet-printers.eu\/\",\"logo\":{\"@type\":\"ImageObject\",\"inLanguage\":\"de\",\"@id\":\"https:\/\/artisjet-printers.eu\/#\/schema\/logo\/image\/\",\"url\":\"https:\/\/artisjet-printers.eu\/wp-content\/uploads\/2017\/12\/logoartisjet.jpg\",\"contentUrl\":\"https:\/\/artisjet-printers.eu\/wp-content\/uploads\/2017\/12\/logoartisjet.jpg\",\"width\":217,\"height\":80,\"caption\":\"ArtisJet\"},\"image\":{\"@id\":\"https:\/\/artisjet-printers.eu\/#\/schema\/logo\/image\/\"}}]}<\/script>\n<!-- \/ Yoast SEO plugin. -->","yoast_head_json":{"title":"\u00dcber uns | Artisjet Europe","robots":{"index":"index","follow":"follow","max-snippet":"max-snippet:-1","max-image-preview":"max-image-preview:large","max-video-preview":"max-video-preview:-1"},"canonical":"https:\/\/artisjet-printers.eu\/about-artisjet\/","og_locale":"de_DE","og_type":"article","og_title":"\u00dcber uns | Artisjet Europe","og_url":"https:\/\/artisjet-printers.eu\/about-artisjet\/","og_site_name":"Artisjet Europe","article_modified_time":"2025-03-07T10:08:04+00:00","og_image":[{"url":"https:\/\/artisjet-printers.eu\/wp-content\/uploads\/2017\/12\/about-us-banner-1024x351.jpg"}],"twitter_card":"summary_large_image","twitter_misc":{"Gesch\u00e4tzte Lesezeit":"2\u00a0Minuten"},"schema":{"@context":"https:\/\/schema.org","@graph":[{"@type":"WebPage","@id":"https:\/\/artisjet-printers.eu\/about-artisjet\/","url":"https:\/\/artisjet-printers.eu\/about-artisjet\/","name":"\u00dcber uns | Artisjet Europe","isPartOf":{"@id":"https:\/\/artisjet-printers.eu\/#website"},"datePublished":"2017-12-14T14:13:35+00:00","dateModified":"2025-03-07T10:08:04+00:00","breadcrumb":{"@id":"https:\/\/artisjet-printers.eu\/about-artisjet\/#breadcrumb"},"inLanguage":"de","potentialAction":[{"@type":"ReadAction","target":["https:\/\/artisjet-printers.eu\/about-artisjet\/"]}]},{"@type":"BreadcrumbList","@id":"https:\/\/artisjet-printers.eu\/about-artisjet\/#breadcrumb","itemListElement":[{"@type":"ListItem","position":1,"name":"Home","item":"https:\/\/artisjet-printers.eu\/"},{"@type":"ListItem","position":2,"name":"\u00c0 propos de nous"}]},{"@type":"WebSite","@id":"https:\/\/artisjet-printers.eu\/#website","url":"https:\/\/artisjet-printers.eu\/","name":"Artisjet Europe","description":"Official distributor in Europe","publisher":{"@id":"https:\/\/artisjet-printers.eu\/#organization"},"potentialAction":[{"@type":"SearchAction","target":{"@type":"EntryPoint","urlTemplate":"https:\/\/artisjet-printers.eu\/?s={search_term_string}"},"query-input":"required name=search_term_string"}],"inLanguage":"de"},{"@type":"Organization","@id":"https:\/\/artisjet-printers.eu\/#organization","name":"ArtisJet","url":"https:\/\/artisjet-printers.eu\/","logo":{"@type":"ImageObject","inLanguage":"de","@id":"https:\/\/artisjet-printers.eu\/#\/schema\/logo\/image\/","url":"https:\/\/artisjet-printers.eu\/wp-content\/uploads\/2017\/12\/logoartisjet.jpg","contentUrl":"https:\/\/artisjet-printers.eu\/wp-content\/uploads\/2017\/12\/logoartisjet.jpg","width":217,"height":80,"caption":"ArtisJet"},"image":{"@id":"https:\/\/artisjet-printers.eu\/#\/schema\/logo\/image\/"}}]}},"_links":{"self":[{"href":"https:\/\/artisjet-printers.eu\/de\/wp-json\/wp\/v2\/pages\/533","targetHints":{"allow":["GET"]}}],"collection":[{"href":"https:\/\/artisjet-printers.eu\/de\/wp-json\/wp\/v2\/pages"}],"about":[{"href":"https:\/\/artisjet-printers.eu\/de\/wp-json\/wp\/v2\/types\/page"}],"author":[{"embeddable":true,"href":"https:\/\/artisjet-printers.eu\/de\/wp-json\/wp\/v2\/users\/1"}],"replies":[{"embeddable":true,"href":"https:\/\/artisjet-printers.eu\/de\/wp-json\/wp\/v2\/comments?post=533"}],"version-history":[{"count":23,"href":"https:\/\/artisjet-printers.eu\/de\/wp-json\/wp\/v2\/pages\/533\/revisions"}],"predecessor-version":[{"id":4698,"href":"https:\/\/artisjet-printers.eu\/de\/wp-json\/wp\/v2\/pages\/533\/revisions\/4698"}],"wp:attachment":[{"href":"https:\/\/artisjet-printers.eu\/de\/wp-json\/wp\/v2\/media?parent=533"}],"curies":[{"name":"wp","href":"https:\/\/api.w.org\/{rel}","templated":true}]}}