{"id":508,"date":"2017-12-14T19:22:19","date_gmt":"2017-12-14T18:22:19","guid":{"rendered":"http:\/\/artisjet-printers.eu\/?page_id=508"},"modified":"2025-08-22T09:05:14","modified_gmt":"2025-08-22T07:05:14","slug":"contact","status":"publish","type":"page","link":"https:\/\/artisjet-printers.eu\/de\/contact\/","title":{"rendered":"Kontakt"},"content":{"rendered":"\n<!-- <link href=\"https:\/\/d1gwclp1pmzk26.cloudfront.net\/agile\/forms\/v1\/agile-form.min.css\" rel=\"stylesheet\"> -->\n\n<link href=\"https:\/\/doxhze3l6s7v9.cloudfront.net\/app\/static\/agile\/forms\/agile-form.min.css\" rel=\"stylesheet\">\n<form class=\"form-view   theme5\" id=\"agile-form\" action=\"https:\/\/artisfrance.agilecrm.com\/formsubmit\" style=\"max-width:100%;\" method=\"GET\">\n<fieldset>\n\n<!-- Form Name -->\n<legend>Kontakt Artisjet<\/legend>\n<p class=\"agile-form-description\">Kontakt Artisjet<\/p>\n<div style=\"display: none; height: 0px; width: 0px;\">\n<input type=\"hidden\" id=\"_agile_form_name\" name=\"_agile_form_name\" value=\"Kontakt Artisjet\">\n<input type=\"hidden\" id=\"_agile_domain\" name=\"_agile_domain\" value=\"artisfrance\">\n<input type=\"hidden\" id=\"_agile_api\" name=\"_agile_api\" value=\"60vcboevo2rk4k7gnt66jt6vg9\">\n<input type=\"hidden\" id=\"_agile_redirect_url\" name=\"_agile_redirect_url\" value=\"http:\/\/artisjet-printers.eu\/de\/sent\/\">\n<input type=\"hidden\" id=\"_agile_document_url\" name=\"_agile_document_url\" value=\"\">\n<input type=\"hidden\" id=\"_agile_confirmation_msg\" name=\"_agile_confirmation_msg\" value=\"\">\n<input type=\"hidden\" id=\"_agile_form_id_tags\" name=\"tags\" value=\"webformde\">\n\n<input type=\"hidden\" id=\"_agile_form_id\" name=\"_agile_form_id\" value=\"5755685136498688\">\n<\/div>\n<!-- Text input-->\n<div class=\"agile-group required-control\">\n  <label class=\"agile-label\" for=\"agilefield-1\">Ihr Name<span class=\"agile-span-asterisk\"> *<\/span><\/label>\n  <div class=\"agile-field-xlarge agile-field\">\n  <input maxlength=\"250\" id=\"agilefield-1\" name=\"first_name\" type=\"text\" placeholder=\"Ihr Name\" class=\"agile-height-default\" required=\"\">\n  <\/div>\n  <div class=\"agile-custom-clear\"><\/div>\n<\/div>\n<!-- Text input-->\n<div class=\"agile-group required-control\">\n  <label class=\"agile-label\" for=\"agilefield-2\">Email<span class=\"agile-span-asterisk\"> *<\/span><\/label>\n  <div class=\"agile-field-xlarge agile-field\">\n  <input maxlength=\"250\" id=\"agilefield-2\" name=\"email\" type=\"email\" placeholder=\"Email\" class=\"agile-height-default\" required=\"\">\n  <\/div>\n  <div class=\"agile-custom-clear\"><\/div>\n<\/div>\n<!-- Text input-->\n<div class=\"agile-group required-control\">\n  <label class=\"agile-label\" for=\"agilefield-3\">Telefone<span class=\"agile-span-asterisk\"> *<\/span><\/label>\n  <div class=\"agile-field-xlarge agile-field\">\n  <input maxlength=\"250\" id=\"agilefield-3\" name=\"phone\" type=\"text\" placeholder=\"\" class=\"agile-height-default\" required=\"\">\n  <\/div>\n  <div class=\"agile-custom-clear\"><\/div>\n<\/div>\n<!-- Textarea -->\n<div class=\"agile-group\">\n  <label class=\"agile-label\" for=\"agilefield-4\">Anfrage<\/label>\n  <div class=\"agile-field-xlarge agile-field\">\n    <textarea maxlength=\"250\" id=\"agilefield-4\" name=\"note\" placeholder=\"Anfrage\" class=\"agile-height-default\"><\/textarea>\n  <\/div>\n  <div class=\"agile-custom-clear\"><\/div>\n<\/div>\n\n<div class=\"agile-group\">\n<p class=\"agile-text-element\" style=\"text-align:left ;font-size:14px \">Verantwortlicher: BOMEDIA, S.L. | Zweck: Beantwortung Ihrer Anfrage. \nRechtsgrundlage: Ihre Einwilligung. \nEmpf\u00e4nger: keine Weitergabe der Daten an Dritte, au\u00dfer gesetzliche Verpflichtung. \nRechte: Auskunft, Berichtigung, L\u00f6schung und weitere Rechte unter info@bomedia.net. \n+Info in unserer\n<a href=\"https:\/\/artisjet-printers.eu\/de\/wpautoterms\/privacy-policy\/\">Datenschutzerkl\u00e4rung<\/a>\nvon artisjet-printers.eu (Bomedia SL)<\/p>\n<\/div>\n\n\n<!-- Multiple Checkboxes (inline) -->\n<div class=\"agile-group agile-form-multicheckboxes\">\n  <label class=\"agile-label\" for=\"inline_checkboxes_1688625362330\">Ich habe die Datenschutzerkl\u00e4rung gelesen und akzeptiere sie<span class=\"agile-span-asterisk\"> *<\/span><\/label>\n  <div class=\"agile-field agile-field-xlarge agile-height-default\">\n    <label for=\"inline_checkboxes_1688625362330-0\" class=\"i-checks\">\n      <input type=\"checkbox\" name=\"inline_checkboxes_1688625362330-0\" id=\"inline_checkboxes_1688625362330-0\" value=\"Akzeptieren\"><i><\/i>\n      Akzeptieren\n    <\/label>\n  <\/div>\n<\/div>\n\n<!-- Multiple Checkboxes (inline) -->\n<div class=\"agile-group agile-form-multicheckboxes\">\n  <label class=\"agile-label\" for=\"inline_checkboxes_1755846242413\">Ich akzeptiere den Erhalt von Werbemitteilungen<\/label>\n  <div class=\"agile-field agile-field-xlarge agile-height-default\">\n    <label for=\"inline_checkboxes_1755846242413-0\" class=\"i-checks\">\n      <input type=\"checkbox\" name=\"tags\" id=\"inline_checkboxes_1755846242413-0\" value=\"Ja\"><i><\/i>\n      Ja\n    <\/label>\n  <\/div>\n<\/div>\n\n <!--recaptcha aglignment--><div class=\"agile-group\"><label class=\"agile-label\"><\/label><div class=\"agile-field-xlarge agile-field\"><div class='g-recaptcha' style=\"transform:scale(0.91);-webkit-transform:scale(0.91);transform-origin:0 0;-webkit-transform-origin:0 0; width='304px';\" data-sitekey='6LfF-H0UAAAAAGdkBZa87eeCaR1a441xRFM1qGnr' data-callback='agileGCaptchaOnSuccess'><\/div><\/div><\/div>\n<!-- Button -->\n<div class=\"agile-group\">\n  <label class=\"agile-label\">&nbsp;<\/label>\n  <div class=\"agile-field agile-button-field\">\n    <button type=\"submit\" class=\"agile-button\">Absenden<\/button>\n    <br><span id=\"agile-error-msg\"><\/span>\n  <\/div>\n<\/div>\n\n<\/fieldset>\n<\/form><script id=\"gRecaptchaSrc\" src='https:\/\/www.google.com\/recaptcha\/api.js'><\/script>\n<script type=\"text\/javascript\">\n(function(a){var b=a.onload,p=true;isCaptcha=true;if(p){a.onload=\"function\"!=typeof b?function(){try{_agile_load_form_fields()}catch(a){}}:function(){b();try{_agile_load_form_fields()}catch(a){}}};var formLen=document.forms.length;for(i=0;i<formLen;i++){if(document.forms.item(i).getAttribute(\"id\")== \"agile-form\"){a.document.forms.item(i).onsubmit=function(a){a.preventDefault();try{_agile_synch_form_v5(this)}catch(b){this.submit()}}}}})(window);\n<\/script>\n\n","protected":false},"excerpt":{"rendered":"<p>Kontakt Artisjet Kontakt Artisjet Ihr Name * Email * Telefone * Anfrage Verantwortlicher: BOMEDIA, S.L. | Zweck: Beantwortung Ihrer Anfrage. Rechtsgrundlage: Ihre Einwilligung. Empf\u00e4nger: keine Weitergabe der Daten an Dritte, au\u00dfer gesetzliche Verpflichtung. Rechte: Auskunft, Berichtigung, L\u00f6schung und weitere Rechte<\/p>\n","protected":false},"author":1,"featured_media":0,"parent":0,"menu_order":0,"comment_status":"closed","ping_status":"closed","template":"","meta":{"ngg_post_thumbnail":0,"footnotes":""},"class_list":["post-508","page","type-page","status-publish","hentry"],"translation":{"provider":"WPGlobus","version":"2.12.2","language":"de","enabled_languages":["fr","de","pt","en"],"languages":{"fr":{"title":true,"content":true,"excerpt":false},"de":{"title":true,"content":true,"excerpt":false},"pt":{"title":true,"content":true,"excerpt":false},"en":{"title":true,"content":true,"excerpt":false}}},"yoast_head":"<!-- This site is optimized with the Yoast SEO plugin v22.0 - https:\/\/yoast.com\/wordpress\/plugins\/seo\/ -->\n<title>Kontakt | Artisjet Europe<\/title>\n<meta name=\"robots\" content=\"index, follow, max-snippet:-1, max-image-preview:large, max-video-preview:-1\" \/>\n<link rel=\"canonical\" href=\"https:\/\/artisjet-printers.eu\/contact\/\" \/>\n<meta property=\"og:locale\" content=\"de_DE\" \/>\n<meta property=\"og:type\" content=\"article\" \/>\n<meta property=\"og:title\" content=\"Kontakt | Artisjet Europe\" \/>\n<meta property=\"og:url\" content=\"https:\/\/artisjet-printers.eu\/contact\/\" \/>\n<meta property=\"og:site_name\" content=\"Artisjet Europe\" \/>\n<meta property=\"article:modified_time\" content=\"2025-08-22T07:05:14+00:00\" \/>\n<meta name=\"twitter:card\" content=\"summary_large_image\" \/>\n<meta name=\"twitter:label1\" content=\"Gesch\u00e4tzte Lesezeit\" \/>\n\t<meta name=\"twitter:data1\" content=\"1\u00a0Minute\" \/>\n<script type=\"application\/ld+json\" class=\"yoast-schema-graph\">{\"@context\":\"https:\/\/schema.org\",\"@graph\":[{\"@type\":\"WebPage\",\"@id\":\"https:\/\/artisjet-printers.eu\/contact\/\",\"url\":\"https:\/\/artisjet-printers.eu\/contact\/\",\"name\":\"Kontakt | Artisjet Europe\",\"isPartOf\":{\"@id\":\"https:\/\/artisjet-printers.eu\/#website\"},\"datePublished\":\"2017-12-14T18:22:19+00:00\",\"dateModified\":\"2025-08-22T07:05:14+00:00\",\"breadcrumb\":{\"@id\":\"https:\/\/artisjet-printers.eu\/contact\/#breadcrumb\"},\"inLanguage\":\"de\",\"potentialAction\":[{\"@type\":\"ReadAction\",\"target\":[\"https:\/\/artisjet-printers.eu\/contact\/\"]}]},{\"@type\":\"BreadcrumbList\",\"@id\":\"https:\/\/artisjet-printers.eu\/contact\/#breadcrumb\",\"itemListElement\":[{\"@type\":\"ListItem\",\"position\":1,\"name\":\"Home\",\"item\":\"https:\/\/artisjet-printers.eu\/\"},{\"@type\":\"ListItem\",\"position\":2,\"name\":\"Contactez-nous\"}]},{\"@type\":\"WebSite\",\"@id\":\"https:\/\/artisjet-printers.eu\/#website\",\"url\":\"https:\/\/artisjet-printers.eu\/\",\"name\":\"Artisjet Europe\",\"description\":\"Official distributor in Europe\",\"publisher\":{\"@id\":\"https:\/\/artisjet-printers.eu\/#organization\"},\"potentialAction\":[{\"@type\":\"SearchAction\",\"target\":{\"@type\":\"EntryPoint\",\"urlTemplate\":\"https:\/\/artisjet-printers.eu\/?s={search_term_string}\"},\"query-input\":\"required name=search_term_string\"}],\"inLanguage\":\"de\"},{\"@type\":\"Organization\",\"@id\":\"https:\/\/artisjet-printers.eu\/#organization\",\"name\":\"ArtisJet\",\"url\":\"https:\/\/artisjet-printers.eu\/\",\"logo\":{\"@type\":\"ImageObject\",\"inLanguage\":\"de\",\"@id\":\"https:\/\/artisjet-printers.eu\/#\/schema\/logo\/image\/\",\"url\":\"https:\/\/artisjet-printers.eu\/wp-content\/uploads\/2017\/12\/logoartisjet.jpg\",\"contentUrl\":\"https:\/\/artisjet-printers.eu\/wp-content\/uploads\/2017\/12\/logoartisjet.jpg\",\"width\":217,\"height\":80,\"caption\":\"ArtisJet\"},\"image\":{\"@id\":\"https:\/\/artisjet-printers.eu\/#\/schema\/logo\/image\/\"}}]}<\/script>\n<!-- \/ Yoast SEO plugin. -->","yoast_head_json":{"title":"Kontakt | Artisjet Europe","robots":{"index":"index","follow":"follow","max-snippet":"max-snippet:-1","max-image-preview":"max-image-preview:large","max-video-preview":"max-video-preview:-1"},"canonical":"https:\/\/artisjet-printers.eu\/contact\/","og_locale":"de_DE","og_type":"article","og_title":"Kontakt | Artisjet Europe","og_url":"https:\/\/artisjet-printers.eu\/contact\/","og_site_name":"Artisjet Europe","article_modified_time":"2025-08-22T07:05:14+00:00","twitter_card":"summary_large_image","twitter_misc":{"Gesch\u00e4tzte Lesezeit":"1\u00a0Minute"},"schema":{"@context":"https:\/\/schema.org","@graph":[{"@type":"WebPage","@id":"https:\/\/artisjet-printers.eu\/contact\/","url":"https:\/\/artisjet-printers.eu\/contact\/","name":"Kontakt | Artisjet Europe","isPartOf":{"@id":"https:\/\/artisjet-printers.eu\/#website"},"datePublished":"2017-12-14T18:22:19+00:00","dateModified":"2025-08-22T07:05:14+00:00","breadcrumb":{"@id":"https:\/\/artisjet-printers.eu\/contact\/#breadcrumb"},"inLanguage":"de","potentialAction":[{"@type":"ReadAction","target":["https:\/\/artisjet-printers.eu\/contact\/"]}]},{"@type":"BreadcrumbList","@id":"https:\/\/artisjet-printers.eu\/contact\/#breadcrumb","itemListElement":[{"@type":"ListItem","position":1,"name":"Home","item":"https:\/\/artisjet-printers.eu\/"},{"@type":"ListItem","position":2,"name":"Contactez-nous"}]},{"@type":"WebSite","@id":"https:\/\/artisjet-printers.eu\/#website","url":"https:\/\/artisjet-printers.eu\/","name":"Artisjet Europe","description":"Official distributor in Europe","publisher":{"@id":"https:\/\/artisjet-printers.eu\/#organization"},"potentialAction":[{"@type":"SearchAction","target":{"@type":"EntryPoint","urlTemplate":"https:\/\/artisjet-printers.eu\/?s={search_term_string}"},"query-input":"required name=search_term_string"}],"inLanguage":"de"},{"@type":"Organization","@id":"https:\/\/artisjet-printers.eu\/#organization","name":"ArtisJet","url":"https:\/\/artisjet-printers.eu\/","logo":{"@type":"ImageObject","inLanguage":"de","@id":"https:\/\/artisjet-printers.eu\/#\/schema\/logo\/image\/","url":"https:\/\/artisjet-printers.eu\/wp-content\/uploads\/2017\/12\/logoartisjet.jpg","contentUrl":"https:\/\/artisjet-printers.eu\/wp-content\/uploads\/2017\/12\/logoartisjet.jpg","width":217,"height":80,"caption":"ArtisJet"},"image":{"@id":"https:\/\/artisjet-printers.eu\/#\/schema\/logo\/image\/"}}]}},"_links":{"self":[{"href":"https:\/\/artisjet-printers.eu\/de\/wp-json\/wp\/v2\/pages\/508","targetHints":{"allow":["GET"]}}],"collection":[{"href":"https:\/\/artisjet-printers.eu\/de\/wp-json\/wp\/v2\/pages"}],"about":[{"href":"https:\/\/artisjet-printers.eu\/de\/wp-json\/wp\/v2\/types\/page"}],"author":[{"embeddable":true,"href":"https:\/\/artisjet-printers.eu\/de\/wp-json\/wp\/v2\/users\/1"}],"replies":[{"embeddable":true,"href":"https:\/\/artisjet-printers.eu\/de\/wp-json\/wp\/v2\/comments?post=508"}],"version-history":[{"count":22,"href":"https:\/\/artisjet-printers.eu\/de\/wp-json\/wp\/v2\/pages\/508\/revisions"}],"predecessor-version":[{"id":5352,"href":"https:\/\/artisjet-printers.eu\/de\/wp-json\/wp\/v2\/pages\/508\/revisions\/5352"}],"wp:attachment":[{"href":"https:\/\/artisjet-printers.eu\/de\/wp-json\/wp\/v2\/media?parent=508"}],"curies":[{"name":"wp","href":"https:\/\/api.w.org\/{rel}","templated":true}]}}