{"id":4621,"date":"2025-05-28T07:47:06","date_gmt":"2025-05-28T05:47:06","guid":{"rendered":"https:\/\/artisjet-printers.eu\/?page_id=4621"},"modified":"2025-06-16T11:47:22","modified_gmt":"2025-06-16T09:47:22","slug":"4621-2","status":"publish","type":"page","link":"https:\/\/artisjet-printers.eu\/de\/4621-2\/","title":{"rendered":"3000 freebird german"},"content":{"rendered":"\n<div class=\"wp-block-columns is-layout-flex wp-container-core-columns-is-layout-9d6595d7 wp-block-columns-is-layout-flex\">\n<div class=\"wp-block-column is-layout-flow wp-block-column-is-layout-flow\">\n<h3 class=\"wp-block-heading\"><strong><strong>Erweiterte Leistung mit dem Freebird-System<\/strong><\/strong><\/h3>\n\n\n\n<p>Das integrierte&nbsp;<strong>Freebird-System<\/strong>&nbsp;hebt den&nbsp;<strong>Artisjet 3000 Pro<\/strong>&nbsp;auf ein neues Niveau, indem es die Druckgeschwindigkeit verdoppelt und eine au\u00dfergew\u00f6hnliche Pr\u00e4zision bietet. Dank seiner fortschrittlichen Chip-Architektur und des Multi-Bit-Graustufendrucks gew\u00e4hrleistet dieses Drucksystem makellose Ergebnisse und optimiert gleichzeitig die Produktionsabl\u00e4ufe.<\/p>\n<\/div>\n\n\n\n<div class=\"wp-block-column is-layout-flow wp-block-column-is-layout-flow\">\n<figure class=\"wp-block-embed is-type-video is-provider-vimeo wp-block-embed-vimeo wp-embed-aspect-16-9 wp-has-aspect-ratio\"><div class=\"wp-block-embed__wrapper\">\n<iframe loading=\"lazy\" title=\"artis 3000U pro With FREEBIRD - Introducing B3+ UV LED Printer, Where Versatility Meets Possibility\" src=\"https:\/\/player.vimeo.com\/video\/1093046865?dnt=1&amp;app_id=122963\" width=\"750\" height=\"422\" frameborder=\"0\" allow=\"autoplay; fullscreen; picture-in-picture; clipboard-write; encrypted-media; web-share\"><\/iframe>\n<\/div><\/figure>\n<\/div>\n<\/div>\n\n\n\n<div style=\"height:16px\" aria-hidden=\"true\" class=\"wp-block-spacer\"><\/div>\n\n\n\n<div class=\"wp-block-buttons is-content-justification-center is-layout-flex wp-container-core-buttons-is-layout-16018d1d wp-block-buttons-is-layout-flex\">\n<div class=\"wp-block-button has-custom-font-size has-medium-font-size\"><a class=\"wp-block-button__link has-white-color has-vivid-cyan-blue-background-color has-text-color has-background has-link-color wp-element-button\" href=\"https:\/\/artisjet-printers.eu\/de\/contact\/\" style=\"border-radius:4px\"><strong><strong>Demo live erleben<\/strong><\/strong><\/a><\/div>\n<\/div>\n\n\n\n<div style=\"height:16px\" aria-hidden=\"true\" class=\"wp-block-spacer\"><\/div>\n\n\n\n<h3 class=\"wp-block-heading\"><strong>Vorteile des Freebird-Systems:<\/strong><\/h3>\n\n\n\n<ul class=\"wp-block-list\">\n<li><strong>Gesteigerte Geschwindigkeit:<\/strong>&nbsp;Erh\u00f6hen Sie Ihre Produktivit\u00e4t mit einer bis zu 2-mal schnelleren Leistung \u2013 ideal f\u00fcr anspruchsvolle Projekte.<\/li>\n\n\n\n<li><strong>Hochpr\u00e4ziser Druck:<\/strong>&nbsp;Graustufen sorgen f\u00fcr detaillierte Finishes \u2013 perfekt f\u00fcr komplexe Designs.<\/li>\n\n\n\n<li><strong>Vollst\u00e4ndige Kontrolle \u00fcber Open API:<\/strong>&nbsp;Verwalten Sie jeden Schritt des Druckprozesses \u2013 von der Konfiguration bis zur Wartung \u2013 direkt aus Ihrer Arbeitsumgebung.<\/li>\n\n\n\n<li><strong>Cloudbasierte Fern\u00fcberwachung:<\/strong>&nbsp;\u00dcberwachen Sie Ihre Druckauftr\u00e4ge und den Ger\u00e4testatus von \u00fcberall, um einen reibungslosen Betriebsablauf sicherzustellen.<\/li>\n<\/ul>\n\n\n\n<div class=\"wp-block-columns is-layout-flex wp-container-core-columns-is-layout-9d6595d7 wp-block-columns-is-layout-flex\">\n<div class=\"wp-block-column is-layout-flow wp-block-column-is-layout-flow\">\n<figure class=\"wp-block-image size-large\"><img loading=\"lazy\" decoding=\"async\" width=\"1024\" height=\"683\" src=\"https:\/\/artisjet-printers.eu\/wp-content\/uploads\/2025\/02\/7.-artis-3000U-pro-vacuum-table-1024x683.png\" alt=\"\" class=\"wp-image-5125\" srcset=\"https:\/\/artisjet-printers.eu\/wp-content\/uploads\/2025\/02\/7.-artis-3000U-pro-vacuum-table-1024x683.png 1024w, https:\/\/artisjet-printers.eu\/wp-content\/uploads\/2025\/02\/7.-artis-3000U-pro-vacuum-table-300x200.png 300w, https:\/\/artisjet-printers.eu\/wp-content\/uploads\/2025\/02\/7.-artis-3000U-pro-vacuum-table-768x513.png 768w, https:\/\/artisjet-printers.eu\/wp-content\/uploads\/2025\/02\/7.-artis-3000U-pro-vacuum-table-1536x1025.png 1536w, https:\/\/artisjet-printers.eu\/wp-content\/uploads\/2025\/02\/7.-artis-3000U-pro-vacuum-table-2048x1367.png 2048w, https:\/\/artisjet-printers.eu\/wp-content\/uploads\/2025\/02\/7.-artis-3000U-pro-vacuum-table-600x400.png 600w\" sizes=\"auto, (max-width: 1024px) 100vw, 1024px\" \/><\/figure>\n<\/div>\n\n\n\n<div class=\"wp-block-column is-layout-flow wp-block-column-is-layout-flow\">\n<h3 class=\"wp-block-heading\"><strong><strong>Neue Tischplatte mit Luftsaugsystem<\/strong><\/strong><\/h3>\n\n\n\n<p>Die\u00a0<strong>Artisjet 3000 Pro Freebird<\/strong>\u00a0ist mit einer fortschrittlichen Tischplatte mit Luftsaugsystem ausgestattet, die w\u00e4hrend des Druckvorgangs f\u00fcr maximale Stabilit\u00e4t der Materialien sorgt. Dies verbessert die Pr\u00e4zision bei anspruchsvollen Projekten und erm\u00f6glicht das Arbeiten mit einer Vielzahl von starren und flexiblen Materialien.<\/p>\n<\/div>\n<\/div>\n\n\n\n<div class=\"wp-block-columns is-layout-flex wp-container-core-columns-is-layout-9d6595d7 wp-block-columns-is-layout-flex\">\n<div class=\"wp-block-column is-layout-flow wp-block-column-is-layout-flow\">\n<h3 class=\"wp-block-heading\"><strong><strong>Vielseitigkeit f\u00fcr unbegrenzte Anwendungen<\/strong><\/strong><\/h3>\n\n\n\n<p>Die Artisjet 3000 Pro Freebird erm\u00f6glicht den Druck auf starre und flexible Materialien wie Kunststoff, Holz, Metall, Keramik und vieles mehr. Dank der&nbsp;<strong>ROT 360\u00b0-Technologie<\/strong>&nbsp;k\u00f6nnen zudem zylindrische Objekte wie Flaschen oder Gl\u00e4ser personalisiert werden, wodurch sich ein breites Spektrum kreativer M\u00f6glichkeiten er\u00f6ffnet.<\/p>\n<\/div>\n\n\n\n<div class=\"wp-block-column is-layout-flow wp-block-column-is-layout-flow\">\n<figure class=\"wp-block-image size-large\"><img loading=\"lazy\" decoding=\"async\" width=\"1024\" height=\"684\" src=\"https:\/\/artisjet-printers.eu\/wp-content\/uploads\/2025\/02\/5.-artis-3000U-pro-with-rotary-device-1024x684.png\" alt=\"\" class=\"wp-image-5123\" srcset=\"https:\/\/artisjet-printers.eu\/wp-content\/uploads\/2025\/02\/5.-artis-3000U-pro-with-rotary-device-1024x684.png 1024w, https:\/\/artisjet-printers.eu\/wp-content\/uploads\/2025\/02\/5.-artis-3000U-pro-with-rotary-device-300x200.png 300w, https:\/\/artisjet-printers.eu\/wp-content\/uploads\/2025\/02\/5.-artis-3000U-pro-with-rotary-device-768x513.png 768w, https:\/\/artisjet-printers.eu\/wp-content\/uploads\/2025\/02\/5.-artis-3000U-pro-with-rotary-device-1536x1025.png 1536w, https:\/\/artisjet-printers.eu\/wp-content\/uploads\/2025\/02\/5.-artis-3000U-pro-with-rotary-device-2048x1367.png 2048w, https:\/\/artisjet-printers.eu\/wp-content\/uploads\/2025\/02\/5.-artis-3000U-pro-with-rotary-device-600x401.png 600w\" sizes=\"auto, (max-width: 1024px) 100vw, 1024px\" \/><\/figure>\n<\/div>\n<\/div>\n\n\n\n<div style=\"height:16px\" aria-hidden=\"true\" class=\"wp-block-spacer\"><\/div>\n\n\n\n<div class=\"wp-block-buttons is-content-justification-center is-layout-flex wp-container-core-buttons-is-layout-16018d1d wp-block-buttons-is-layout-flex\">\n<div class=\"wp-block-button\"><a class=\"wp-block-button__link has-white-color has-vivid-cyan-blue-background-color has-text-color has-background has-link-color wp-element-button\" href=\"https:\/\/artisjet-printers.eu\/de\/contact\/\" style=\"border-radius:4px\"><strong>Individuelle Muster anfordern<\/strong><\/a><\/div>\n<\/div>\n\n\n\n<div style=\"height:16px\" aria-hidden=\"true\" class=\"wp-block-spacer\"><\/div>\n\n\n\n<div class=\"wp-block-columns is-layout-flex wp-container-core-columns-is-layout-9d6595d7 wp-block-columns-is-layout-flex\">\n<div class=\"wp-block-column is-layout-flow wp-block-column-is-layout-flow\">\n<figure class=\"wp-block-gallery has-nested-images columns-3 is-cropped wp-block-gallery-1 is-layout-flex wp-block-gallery-is-layout-flex\">\n<figure class=\"wp-block-image size-large\"><a href=\"https:\/\/artisjet-printers.eu\/wp-content\/uploads\/2024\/08\/hot-folder.jpg\"><img loading=\"lazy\" decoding=\"async\" width=\"900\" height=\"648\" data-id=\"4309\" src=\"https:\/\/artisjet-printers.eu\/wp-content\/uploads\/2024\/08\/hot-folder.jpg\" alt=\"\" class=\"wp-image-4309\" srcset=\"https:\/\/artisjet-printers.eu\/wp-content\/uploads\/2024\/08\/hot-folder.jpg 900w, https:\/\/artisjet-printers.eu\/wp-content\/uploads\/2024\/08\/hot-folder-300x216.jpg 300w, https:\/\/artisjet-printers.eu\/wp-content\/uploads\/2024\/08\/hot-folder-768x553.jpg 768w, https:\/\/artisjet-printers.eu\/wp-content\/uploads\/2024\/08\/hot-folder-600x432.jpg 600w\" sizes=\"auto, (max-width: 900px) 100vw, 900px\" \/><\/a><\/figure>\n\n\n\n<figure class=\"wp-block-image size-large\"><a href=\"https:\/\/artisjet-printers.eu\/wp-content\/uploads\/2024\/08\/setting.jpg\"><img loading=\"lazy\" decoding=\"async\" width=\"700\" height=\"443\" data-id=\"4308\" src=\"https:\/\/artisjet-printers.eu\/wp-content\/uploads\/2024\/08\/setting.jpg\" alt=\"\" class=\"wp-image-4308\" srcset=\"https:\/\/artisjet-printers.eu\/wp-content\/uploads\/2024\/08\/setting.jpg 700w, https:\/\/artisjet-printers.eu\/wp-content\/uploads\/2024\/08\/setting-300x190.jpg 300w, https:\/\/artisjet-printers.eu\/wp-content\/uploads\/2024\/08\/setting-600x380.jpg 600w\" sizes=\"auto, (max-width: 700px) 100vw, 700px\" \/><\/a><\/figure>\n\n\n\n<figure class=\"wp-block-image size-large\"><a href=\"https:\/\/artisjet-printers.eu\/wp-content\/uploads\/2024\/08\/Job_Management.jpg\"><img loading=\"lazy\" decoding=\"async\" width=\"700\" height=\"443\" data-id=\"4307\" src=\"https:\/\/artisjet-printers.eu\/wp-content\/uploads\/2024\/08\/Job_Management.jpg\" alt=\"\" class=\"wp-image-4307\" srcset=\"https:\/\/artisjet-printers.eu\/wp-content\/uploads\/2024\/08\/Job_Management.jpg 700w, https:\/\/artisjet-printers.eu\/wp-content\/uploads\/2024\/08\/Job_Management-300x190.jpg 300w, https:\/\/artisjet-printers.eu\/wp-content\/uploads\/2024\/08\/Job_Management-600x380.jpg 600w\" sizes=\"auto, (max-width: 700px) 100vw, 700px\" \/><\/a><\/figure>\n\n\n\n<figure class=\"wp-block-image size-large\"><a href=\"https:\/\/artisjet-printers.eu\/wp-content\/uploads\/2024\/08\/Maintenance.jpg\"><img loading=\"lazy\" decoding=\"async\" width=\"700\" height=\"443\" data-id=\"4306\" src=\"https:\/\/artisjet-printers.eu\/wp-content\/uploads\/2024\/08\/Maintenance.jpg\" alt=\"\" class=\"wp-image-4306\" srcset=\"https:\/\/artisjet-printers.eu\/wp-content\/uploads\/2024\/08\/Maintenance.jpg 700w, https:\/\/artisjet-printers.eu\/wp-content\/uploads\/2024\/08\/Maintenance-300x190.jpg 300w, https:\/\/artisjet-printers.eu\/wp-content\/uploads\/2024\/08\/Maintenance-600x380.jpg 600w\" sizes=\"auto, (max-width: 700px) 100vw, 700px\" \/><\/a><\/figure>\n\n\n\n<figure class=\"wp-block-image size-large\"><a href=\"https:\/\/artisjet-printers.eu\/wp-content\/uploads\/2024\/08\/Efficiency.jpg\"><img loading=\"lazy\" decoding=\"async\" width=\"700\" height=\"443\" data-id=\"4305\" src=\"https:\/\/artisjet-printers.eu\/wp-content\/uploads\/2024\/08\/Efficiency.jpg\" alt=\"\" class=\"wp-image-4305\" srcset=\"https:\/\/artisjet-printers.eu\/wp-content\/uploads\/2024\/08\/Efficiency.jpg 700w, https:\/\/artisjet-printers.eu\/wp-content\/uploads\/2024\/08\/Efficiency-300x190.jpg 300w, https:\/\/artisjet-printers.eu\/wp-content\/uploads\/2024\/08\/Efficiency-600x380.jpg 600w\" sizes=\"auto, (max-width: 700px) 100vw, 700px\" \/><\/a><\/figure>\n<\/figure>\n<\/div>\n\n\n\n<div class=\"wp-block-column is-layout-flow wp-block-column-is-layout-flow\">\n<h3 class=\"wp-block-heading\"><strong><strong>Intuitive Software f\u00fcr optimale Kontrolle<\/strong><\/strong><\/h3>\n\n\n\n<p>Die Artisjet Workstation- und RIP-Software, optimiert mit dem Freebird-System, vereinfacht den Druckprozess. Dank der intuitiven Benutzeroberfl\u00e4che k\u00f6nnen Designs verwaltet, Farben angepasst und komplexe Aufgaben effizient koordiniert werden, um eine professionelle Benutzererfahrung zu gew\u00e4hrleisten.<\/p>\n<\/div>\n<\/div>\n\n\n\n<div style=\"height:16px\" aria-hidden=\"true\" class=\"wp-block-spacer\"><\/div>\n\n\n\n<div class=\"wp-block-columns is-layout-flex wp-container-core-columns-is-layout-9d6595d7 wp-block-columns-is-layout-flex\">\n<div class=\"wp-block-column is-layout-flow wp-block-column-is-layout-flow\">\n<h3 class=\"wp-block-heading\"><strong>Technische Merkmale der Artisjet 3000 Pro Freebird<\/strong><\/h3>\n\n\n\n<ul class=\"wp-block-list\">\n<li><strong>Druckbereich<\/strong>: 347 \u00d7 490 mm<\/li>\n\n\n\n<li><strong>Max. Objekth\u00f6he<\/strong>: bis zu 170 mm<\/li>\n\n\n\n<li><strong>Aufl\u00f6sung<\/strong>: bis zu 720 \u00d7 2880 dpi<\/li>\n\n\n\n<li><strong>Druckkopf<\/strong>: Epson I3200 (CMYK + 4 Wei\u00df oder CMYK + Wei\u00df + Lack)<\/li>\n\n\n\n<li><strong>UV-LED-Technologie<\/strong> mit Fl\u00fcssigkeitsk\u00fchlung<\/li>\n\n\n\n<li><strong>Vakuumsystem<\/strong> f\u00fcr stabile Materialpositionierung<\/li>\n\n\n\n<li><strong>Kompakte Bauweise<\/strong>: 940 \u00d7 840 \u00d7 540 mm \/ 120 kg<\/li>\n<\/ul>\n<\/div>\n\n\n\n<div class=\"wp-block-column is-layout-flow wp-block-column-is-layout-flow\">\n<figure class=\"wp-block-image size-full\"><img loading=\"lazy\" decoding=\"async\" width=\"550\" height=\"463\" src=\"https:\/\/artisjet-printers.eu\/wp-content\/uploads\/2025\/04\/epson-i3200.jpeg\" alt=\"\" class=\"wp-image-4785\" srcset=\"https:\/\/artisjet-printers.eu\/wp-content\/uploads\/2025\/04\/epson-i3200.jpeg 550w, https:\/\/artisjet-printers.eu\/wp-content\/uploads\/2025\/04\/epson-i3200-300x253.jpeg 300w\" sizes=\"auto, (max-width: 550px) 100vw, 550px\" \/><\/figure>\n<\/div>\n<\/div>\n\n\n\n<div class=\"wp-block-buttons is-content-justification-center is-layout-flex wp-container-core-buttons-is-layout-16018d1d wp-block-buttons-is-layout-flex\">\n<div class=\"wp-block-button has-custom-font-size has-medium-font-size\"><a class=\"wp-block-button__link has-white-color has-vivid-cyan-blue-background-color has-text-color has-background has-link-color wp-element-button\" href=\"https:\/\/artisjet-printers.eu\/de\/contact\/\" style=\"border-radius:4px\"><strong>Weitere Informationen<\/strong><\/a><\/div>\n<\/div>\n\n\n\n<div style=\"height:16px\" aria-hidden=\"true\" class=\"wp-block-spacer\"><\/div>\n\n\n\n<h3 class=\"wp-block-heading\"><strong><strong>Artisjet 3000 Pro Freebird: Innovation, Pr\u00e4zision und Effizienz<\/strong><\/strong><\/h3>\n\n\n\n<p>Mit dem integrierten Freebird-System und seinen fortschrittlichen technischen Eigenschaften ist die&nbsp;<strong>Artisjet 3000 Pro Freebird<\/strong>&nbsp;weit mehr als nur ein Drucker \u2013 sie ist ein leistungsstarkes Werkzeug zur Transformation Ihrer kreativen und produktiven Projekte.<\/p>\n\n\n\n<p><strong>Erleben Sie die Zukunft des UV-Drucks \u2013 entdecken Sie noch heute die Artisjet 3000 Pro Freebird<\/strong><\/p>\n","protected":false},"excerpt":{"rendered":"<p>Erweiterte Leistung mit dem Freebird-System Das integrierte&nbsp;Freebird-System&nbsp;hebt den&nbsp;Artisjet 3000 Pro&nbsp;auf ein neues Niveau, indem es die Druckgeschwindigkeit verdoppelt und eine au\u00dfergew\u00f6hnliche Pr\u00e4zision bietet. Dank seiner fortschrittlichen Chip-Architektur und des Multi-Bit-Graustufendrucks gew\u00e4hrleistet dieses Drucksystem makellose Ergebnisse und optimiert gleichzeitig die Produktionsabl\u00e4ufe.<\/p>\n","protected":false},"author":1,"featured_media":0,"parent":0,"menu_order":0,"comment_status":"closed","ping_status":"closed","template":"","meta":{"ngg_post_thumbnail":0,"footnotes":""},"class_list":["post-4621","page","type-page","status-publish","hentry"],"translation":{"provider":"WPGlobus","version":"2.12.2","language":"de","enabled_languages":["fr","de","pt","en"],"languages":{"fr":{"title":true,"content":true,"excerpt":false},"de":{"title":true,"content":true,"excerpt":false},"pt":{"title":false,"content":false,"excerpt":false},"en":{"title":true,"content":true,"excerpt":false}}},"yoast_head":"<!-- This site is optimized with the Yoast SEO plugin v22.0 - https:\/\/yoast.com\/wordpress\/plugins\/seo\/ -->\n<title>3000 freebird german | Artisjet Europe<\/title>\n<meta name=\"robots\" content=\"index, follow, max-snippet:-1, max-image-preview:large, max-video-preview:-1\" \/>\n<link rel=\"canonical\" href=\"https:\/\/artisjet-printers.eu\/4621-2\/\" \/>\n<meta property=\"og:locale\" content=\"de_DE\" \/>\n<meta property=\"og:type\" content=\"article\" \/>\n<meta property=\"og:title\" content=\"3000 freebird german | Artisjet Europe\" \/>\n<meta property=\"og:url\" content=\"https:\/\/artisjet-printers.eu\/4621-2\/\" \/>\n<meta property=\"og:site_name\" content=\"Artisjet Europe\" \/>\n<meta property=\"article:modified_time\" content=\"2025-06-16T09:47:22+00:00\" \/>\n<meta property=\"og:image\" content=\"https:\/\/artisjet-printers.eu\/wp-content\/uploads\/2020\/10\/Imagen-5.png\" \/>\n<meta name=\"twitter:card\" content=\"summary_large_image\" \/>\n<meta name=\"twitter:label1\" content=\"Gesch\u00e4tzte Lesezeit\" \/>\n\t<meta name=\"twitter:data1\" content=\"4\u00a0Minuten\" \/>\n<script type=\"application\/ld+json\" class=\"yoast-schema-graph\">{\"@context\":\"https:\/\/schema.org\",\"@graph\":[{\"@type\":\"WebPage\",\"@id\":\"https:\/\/artisjet-printers.eu\/4621-2\/\",\"url\":\"https:\/\/artisjet-printers.eu\/4621-2\/\",\"name\":\"3000 freebird german | Artisjet Europe\",\"isPartOf\":{\"@id\":\"https:\/\/artisjet-printers.eu\/#website\"},\"datePublished\":\"2025-05-28T05:47:06+00:00\",\"dateModified\":\"2025-06-16T09:47:22+00:00\",\"breadcrumb\":{\"@id\":\"https:\/\/artisjet-printers.eu\/4621-2\/#breadcrumb\"},\"inLanguage\":\"de\",\"potentialAction\":[{\"@type\":\"ReadAction\",\"target\":[\"https:\/\/artisjet-printers.eu\/4621-2\/\"]}]},{\"@type\":\"BreadcrumbList\",\"@id\":\"https:\/\/artisjet-printers.eu\/4621-2\/#breadcrumb\",\"itemListElement\":[{\"@type\":\"ListItem\",\"position\":1,\"name\":\"Home\",\"item\":\"https:\/\/artisjet-printers.eu\/\"},{\"@type\":\"ListItem\",\"position\":2,\"name\":\"3000 freebird\"}]},{\"@type\":\"WebSite\",\"@id\":\"https:\/\/artisjet-printers.eu\/#website\",\"url\":\"https:\/\/artisjet-printers.eu\/\",\"name\":\"Artisjet Europe\",\"description\":\"Official distributor in Europe\",\"publisher\":{\"@id\":\"https:\/\/artisjet-printers.eu\/#organization\"},\"potentialAction\":[{\"@type\":\"SearchAction\",\"target\":{\"@type\":\"EntryPoint\",\"urlTemplate\":\"https:\/\/artisjet-printers.eu\/?s={search_term_string}\"},\"query-input\":\"required name=search_term_string\"}],\"inLanguage\":\"de\"},{\"@type\":\"Organization\",\"@id\":\"https:\/\/artisjet-printers.eu\/#organization\",\"name\":\"ArtisJet\",\"url\":\"https:\/\/artisjet-printers.eu\/\",\"logo\":{\"@type\":\"ImageObject\",\"inLanguage\":\"de\",\"@id\":\"https:\/\/artisjet-printers.eu\/#\/schema\/logo\/image\/\",\"url\":\"https:\/\/artisjet-printers.eu\/wp-content\/uploads\/2017\/12\/logoartisjet.jpg\",\"contentUrl\":\"https:\/\/artisjet-printers.eu\/wp-content\/uploads\/2017\/12\/logoartisjet.jpg\",\"width\":217,\"height\":80,\"caption\":\"ArtisJet\"},\"image\":{\"@id\":\"https:\/\/artisjet-printers.eu\/#\/schema\/logo\/image\/\"}}]}<\/script>\n<!-- \/ Yoast SEO plugin. -->","yoast_head_json":{"title":"3000 freebird german | Artisjet Europe","robots":{"index":"index","follow":"follow","max-snippet":"max-snippet:-1","max-image-preview":"max-image-preview:large","max-video-preview":"max-video-preview:-1"},"canonical":"https:\/\/artisjet-printers.eu\/4621-2\/","og_locale":"de_DE","og_type":"article","og_title":"3000 freebird german | Artisjet Europe","og_url":"https:\/\/artisjet-printers.eu\/4621-2\/","og_site_name":"Artisjet Europe","article_modified_time":"2025-06-16T09:47:22+00:00","og_image":[{"url":"https:\/\/artisjet-printers.eu\/wp-content\/uploads\/2020\/10\/Imagen-5.png"}],"twitter_card":"summary_large_image","twitter_misc":{"Gesch\u00e4tzte Lesezeit":"4\u00a0Minuten"},"schema":{"@context":"https:\/\/schema.org","@graph":[{"@type":"WebPage","@id":"https:\/\/artisjet-printers.eu\/4621-2\/","url":"https:\/\/artisjet-printers.eu\/4621-2\/","name":"3000 freebird german | Artisjet Europe","isPartOf":{"@id":"https:\/\/artisjet-printers.eu\/#website"},"datePublished":"2025-05-28T05:47:06+00:00","dateModified":"2025-06-16T09:47:22+00:00","breadcrumb":{"@id":"https:\/\/artisjet-printers.eu\/4621-2\/#breadcrumb"},"inLanguage":"de","potentialAction":[{"@type":"ReadAction","target":["https:\/\/artisjet-printers.eu\/4621-2\/"]}]},{"@type":"BreadcrumbList","@id":"https:\/\/artisjet-printers.eu\/4621-2\/#breadcrumb","itemListElement":[{"@type":"ListItem","position":1,"name":"Home","item":"https:\/\/artisjet-printers.eu\/"},{"@type":"ListItem","position":2,"name":"3000 freebird"}]},{"@type":"WebSite","@id":"https:\/\/artisjet-printers.eu\/#website","url":"https:\/\/artisjet-printers.eu\/","name":"Artisjet Europe","description":"Official distributor in Europe","publisher":{"@id":"https:\/\/artisjet-printers.eu\/#organization"},"potentialAction":[{"@type":"SearchAction","target":{"@type":"EntryPoint","urlTemplate":"https:\/\/artisjet-printers.eu\/?s={search_term_string}"},"query-input":"required name=search_term_string"}],"inLanguage":"de"},{"@type":"Organization","@id":"https:\/\/artisjet-printers.eu\/#organization","name":"ArtisJet","url":"https:\/\/artisjet-printers.eu\/","logo":{"@type":"ImageObject","inLanguage":"de","@id":"https:\/\/artisjet-printers.eu\/#\/schema\/logo\/image\/","url":"https:\/\/artisjet-printers.eu\/wp-content\/uploads\/2017\/12\/logoartisjet.jpg","contentUrl":"https:\/\/artisjet-printers.eu\/wp-content\/uploads\/2017\/12\/logoartisjet.jpg","width":217,"height":80,"caption":"ArtisJet"},"image":{"@id":"https:\/\/artisjet-printers.eu\/#\/schema\/logo\/image\/"}}]}},"_links":{"self":[{"href":"https:\/\/artisjet-printers.eu\/de\/wp-json\/wp\/v2\/pages\/4621","targetHints":{"allow":["GET"]}}],"collection":[{"href":"https:\/\/artisjet-printers.eu\/de\/wp-json\/wp\/v2\/pages"}],"about":[{"href":"https:\/\/artisjet-printers.eu\/de\/wp-json\/wp\/v2\/types\/page"}],"author":[{"embeddable":true,"href":"https:\/\/artisjet-printers.eu\/de\/wp-json\/wp\/v2\/users\/1"}],"replies":[{"embeddable":true,"href":"https:\/\/artisjet-printers.eu\/de\/wp-json\/wp\/v2\/comments?post=4621"}],"version-history":[{"count":23,"href":"https:\/\/artisjet-printers.eu\/de\/wp-json\/wp\/v2\/pages\/4621\/revisions"}],"predecessor-version":[{"id":5134,"href":"https:\/\/artisjet-printers.eu\/de\/wp-json\/wp\/v2\/pages\/4621\/revisions\/5134"}],"wp:attachment":[{"href":"https:\/\/artisjet-printers.eu\/de\/wp-json\/wp\/v2\/media?parent=4621"}],"curies":[{"name":"wp","href":"https:\/\/api.w.org\/{rel}","templated":true}]}}